{"id":7699,"date":"2026-02-25T12:25:10","date_gmt":"2026-02-25T11:25:10","guid":{"rendered":"https:\/\/staging.home3d.nl\/product\/home-horloge-murale-3d-60cm\/"},"modified":"2026-02-27T11:25:45","modified_gmt":"2026-02-27T10:25:45","slug":"home-horloge-murale-3d-60cm","status":"publish","type":"product","link":"https:\/\/staging.home3d.nl\/fr\/produit\/home-horloge-murale-3d-60cm\/","title":{"rendered":"Home Horloge murale 3D - 60cm"},"content":{"rendered":"<p data-path-to-node=\"3\"><b data-path-to-node=\"3\" data-index-in-node=\"0\">Sublimez votre int\u00e9rieur avec l&rsquo;horloge murale Home 3D \u2013 L&rsquo;alliance de l&rsquo;artisanat et de l&rsquo;innovation<\/b><\/p>\n<p data-path-to-node=\"4\">Souhaitez-vous apporter une touche moderne et \u00e9l\u00e9gante \u00e0 votre d\u00e9coration avec une horloge murale d&rsquo;exception ? Ne cherchez plus ! L&rsquo;horloge murale Home 3D associe un design minimaliste et raffin\u00e9 au savoir-faire n\u00e9erlandais. Cette horloge murale silencieuse de 60 cm est fabriqu\u00e9e avec passion aux Pays-Bas, garantissant une int\u00e9gration parfaite dans tout int\u00e9rieur contemporain. Avec ce garde-temps, vous optez pour une qualit\u00e9 premium et un style intemporel. Faites rayonner votre maison avec ce design Home 3D unique, qui est \u00e0 la fois un objet fonctionnel et une v\u00e9ritable \u0153uvre d&rsquo;art !<\/p>\n<p data-path-to-node=\"5\"><b data-path-to-node=\"5\" data-index-in-node=\"0\">Pourquoi choisir l&rsquo;horloge murale Home 3D ?<\/b><\/p>\n<ul data-path-to-node=\"6\">\n<li>\n<p data-path-to-node=\"6,0,0\"><b data-path-to-node=\"6,0,0\" data-index-in-node=\"0\">Dimensions Id\u00e9ales :<\/b> Avec un diam\u00e8tre de 60 cm, cette horloge est la pi\u00e8ce ma\u00eetresse parfaite pour toutes vos pi\u00e8ces, du salon spacieux au bureau professionnel.<\/p>\n<\/li>\n<li>\n<p data-path-to-node=\"6,1,0\"><b data-path-to-node=\"6,1,0\" data-index-in-node=\"0\">Mat\u00e9riaux Durables :<\/b> Fabriqu\u00e9e aux Pays-Bas \u00e0 partir de bois de h\u00eatre de haute qualit\u00e9 associ\u00e9 \u00e0 des mat\u00e9riaux durables et \u00e9cologiques issus de l&rsquo;impression 3D.<\/p>\n<\/li>\n<li>\n<p data-path-to-node=\"6,2,0\"><b data-path-to-node=\"6,2,0\" data-index-in-node=\"0\">Mouvement Silencieux :<\/b> \u00c9quip\u00e9e d&rsquo;un m\u00e9canisme sans tic-tac et totalement silencieux, elle est id\u00e9ale pour les chambres, les bureaux ou les espaces de travail calmes.<\/p>\n<\/li>\n<li>\n<p data-path-to-node=\"6,3,0\"><b data-path-to-node=\"6,3,0\" data-index-in-node=\"0\">Lecture Facile :<\/b> Con\u00e7ue avec de grands chiffres clairs pour lire l&rsquo;heure facilement \u00e0 distance, ce qui est \u00e9galement utile pour les enfants qui apprennent \u00e0 lire l&rsquo;heure.<\/p>\n<\/li>\n<li>\n<p data-path-to-node=\"6,4,0\"><b data-path-to-node=\"6,4,0\" data-index-in-node=\"0\">Style Polyvalent :<\/b> Convient aussi bien \u00e0 un usage domestique qu&rsquo;\u00e0 des environnements professionnels tels que des bureaux ou des boutiques.<\/p>\n<\/li>\n<li>\n<p data-path-to-node=\"6,5,0\"><b data-path-to-node=\"6,5,0\" data-index-in-node=\"0\">Effet 3D Unique :<\/b> Apporte une touche sophistiqu\u00e9e de texture et de style \u00e0 n&rsquo;importe quel mur, se distinguant ainsi des horloges plates standards.<\/p>\n<\/li>\n<\/ul>\n","protected":false},"excerpt":{"rendered":"<p data-path-to-node=\"3\"><b data-path-to-node=\"3\" data-index-in-node=\"0\">Sublimez votre int\u00e9rieur avec l&rsquo;horloge murale Home 3D \u2013 L&rsquo;alliance de l&rsquo;artisanat et de l&rsquo;innovation<\/b><\/p>\n<p data-path-to-node=\"4\">Souhaitez-vous apporter une touche moderne et \u00e9l\u00e9gante \u00e0 votre d\u00e9coration avec une horloge murale d&rsquo;exception ? Ne cherchez plus ! L&rsquo;horloge murale Home 3D associe un design minimaliste et raffin\u00e9 au savoir-faire n\u00e9erlandais. Cette horloge murale silencieuse de 60 cm est fabriqu\u00e9e avec passion aux Pays-Bas, garantissant une int\u00e9gration parfaite dans tout int\u00e9rieur contemporain. Avec ce garde-temps, vous optez pour une qualit\u00e9 premium et un style intemporel. Faites rayonner votre maison avec ce design Home 3D unique, qui est \u00e0 la fois un objet fonctionnel et une v\u00e9ritable \u0153uvre d&rsquo;art !<\/p>\n<p data-path-to-node=\"5\"><b data-path-to-node=\"5\" data-index-in-node=\"0\">Pourquoi choisir l&rsquo;horloge murale Home 3D ?<\/b><\/p>\n<ul data-path-to-node=\"6\">\n<li>\n<p data-path-to-node=\"6,0,0\"><b data-path-to-node=\"6,0,0\" data-index-in-node=\"0\">Dimensions Id\u00e9ales :<\/b> Avec un diam\u00e8tre de 60 cm, cette horloge est la pi\u00e8ce ma\u00eetresse parfaite pour toutes vos pi\u00e8ces, du salon spacieux au bureau professionnel.<\/p>\n<\/li>\n<li>\n<p data-path-to-node=\"6,1,0\"><b data-path-to-node=\"6,1,0\" data-index-in-node=\"0\">Mat\u00e9riaux Durables :<\/b> Fabriqu\u00e9e aux Pays-Bas \u00e0 partir de bois de h\u00eatre de haute qualit\u00e9 associ\u00e9 \u00e0 des mat\u00e9riaux durables et \u00e9cologiques issus de l&rsquo;impression 3D.<\/p>\n<\/li>\n<li>\n<p data-path-to-node=\"6,2,0\"><b data-path-to-node=\"6,2,0\" data-index-in-node=\"0\">Mouvement Silencieux :<\/b> \u00c9quip\u00e9e d&rsquo;un m\u00e9canisme sans tic-tac et totalement silencieux, elle est id\u00e9ale pour les chambres, les bureaux ou les espaces de travail calmes.<\/p>\n<\/li>\n<li>\n<p data-path-to-node=\"6,3,0\"><b data-path-to-node=\"6,3,0\" data-index-in-node=\"0\">Lecture Facile :<\/b> Con\u00e7ue avec de grands chiffres clairs pour lire l&rsquo;heure facilement \u00e0 distance, ce qui est \u00e9galement utile pour les enfants qui apprennent \u00e0 lire l&rsquo;heure.<\/p>\n<\/li>\n<li>\n<p data-path-to-node=\"6,4,0\"><b data-path-to-node=\"6,4,0\" data-index-in-node=\"0\">Style Polyvalent :<\/b> Convient aussi bien \u00e0 un usage domestique qu&rsquo;\u00e0 des environnements professionnels tels que des bureaux ou des boutiques.<\/p>\n<\/li>\n<li>\n<p data-path-to-node=\"6,5,0\"><b data-path-to-node=\"6,5,0\" data-index-in-node=\"0\">Effet 3D Unique :<\/b> Apporte une touche sophistiqu\u00e9e de texture et de style \u00e0 n&rsquo;importe quel mur, se distinguant ainsi des horloges plates standards.<\/p>\n<\/li>\n<\/ul>\n","protected":false},"featured_media":7618,"comment_status":"open","ping_status":"closed","template":"","meta":{"_acf_changed":false,"inline_featured_image":false},"product_brand":[],"product_cat":[173],"product_tag":[],"class_list":{"0":"post-7699","1":"product","2":"type-product","3":"status-publish","4":"has-post-thumbnail","6":"product_cat-horloges","8":"first","9":"instock","10":"taxable","11":"shipping-taxable","12":"purchasable","13":"product-type-variable"},"acf":[],"yoast_head":"<!-- This site is optimized with the Yoast SEO plugin v26.9 - https:\/\/yoast.com\/product\/yoast-seo-wordpress\/ -->\n<title>Home 3D Horloge Murale | Design Unique | \u00c9l\u00e9gance Moderne<\/title>\n<meta name=\"description\" content=\"Sublimez votre int\u00e9rieur avec une horloge murale Home 3D (60cm). Design moderne, haute qualit\u00e9 et divers coloris. D\u00e9couvrez la collection ici !\" \/>\n<meta name=\"robots\" content=\"noindex, follow, max-snippet:-1, max-image-preview:large, max-video-preview:-1\" \/>\n<meta property=\"og:locale\" content=\"fr_FR\" \/>\n<meta property=\"og:type\" content=\"article\" \/>\n<meta property=\"og:title\" content=\"Home 3D Horloge Murale | Design Unique | \u00c9l\u00e9gance Moderne\" \/>\n<meta property=\"og:description\" content=\"Sublimez votre int\u00e9rieur avec une horloge murale Home 3D (60cm). Design moderne, haute qualit\u00e9 et divers coloris. D\u00e9couvrez la collection ici !\" \/>\n<meta property=\"og:url\" content=\"https:\/\/staging.home3d.nl\/fr\/produit\/home-horloge-murale-3d-60cm\/\" \/>\n<meta property=\"og:site_name\" content=\"Home3D.nl\" \/>\n<meta property=\"article:modified_time\" content=\"2026-02-27T10:25:45+00:00\" \/>\n<meta property=\"og:image\" content=\"https:\/\/staging.home3d.nl\/wp-content\/uploads\/2026\/02\/Wandklok-60cm-Wit.jpg\" \/>\n\t<meta property=\"og:image:width\" content=\"1080\" \/>\n\t<meta property=\"og:image:height\" content=\"1080\" \/>\n\t<meta property=\"og:image:type\" content=\"image\/jpeg\" \/>\n<meta name=\"twitter:card\" content=\"summary_large_image\" \/>\n<meta name=\"twitter:label1\" content=\"Dur\u00e9e de lecture estim\u00e9e\" \/>\n\t<meta name=\"twitter:data1\" content=\"2 minutes\" \/>\n<script type=\"application\/ld+json\" class=\"yoast-schema-graph\">{\"@context\":\"https:\/\/schema.org\",\"@graph\":[{\"@type\":\"WebPage\",\"@id\":\"https:\/\/staging.home3d.nl\/fr\/produit\/home-horloge-murale-3d-60cm\/\",\"url\":\"https:\/\/staging.home3d.nl\/fr\/produit\/home-horloge-murale-3d-60cm\/\",\"name\":\"Home 3D Horloge Murale | Design Unique | \u00c9l\u00e9gance Moderne\",\"isPartOf\":{\"@id\":\"https:\/\/staging.home3d.nl\/fr\/#website\"},\"primaryImageOfPage\":{\"@id\":\"https:\/\/staging.home3d.nl\/fr\/produit\/home-horloge-murale-3d-60cm\/#primaryimage\"},\"image\":{\"@id\":\"https:\/\/staging.home3d.nl\/fr\/produit\/home-horloge-murale-3d-60cm\/#primaryimage\"},\"thumbnailUrl\":\"https:\/\/staging.home3d.nl\/wp-content\/uploads\/2026\/02\/Wandklok-60cm-Wit.jpg\",\"datePublished\":\"2026-02-25T11:25:10+00:00\",\"dateModified\":\"2026-02-27T10:25:45+00:00\",\"description\":\"Sublimez votre int\u00e9rieur avec une horloge murale Home 3D (60cm). Design moderne, haute qualit\u00e9 et divers coloris. D\u00e9couvrez la collection ici !\",\"breadcrumb\":{\"@id\":\"https:\/\/staging.home3d.nl\/fr\/produit\/home-horloge-murale-3d-60cm\/#breadcrumb\"},\"inLanguage\":\"fr-FR\",\"potentialAction\":[{\"@type\":\"ReadAction\",\"target\":[\"https:\/\/staging.home3d.nl\/fr\/produit\/home-horloge-murale-3d-60cm\/\"]}]},{\"@type\":\"ImageObject\",\"inLanguage\":\"fr-FR\",\"@id\":\"https:\/\/staging.home3d.nl\/fr\/produit\/home-horloge-murale-3d-60cm\/#primaryimage\",\"url\":\"https:\/\/staging.home3d.nl\/wp-content\/uploads\/2026\/02\/Wandklok-60cm-Wit.jpg\",\"contentUrl\":\"https:\/\/staging.home3d.nl\/wp-content\/uploads\/2026\/02\/Wandklok-60cm-Wit.jpg\",\"width\":1080,\"height\":1080},{\"@type\":\"BreadcrumbList\",\"@id\":\"https:\/\/staging.home3d.nl\/fr\/produit\/home-horloge-murale-3d-60cm\/#breadcrumb\",\"itemListElement\":[{\"@type\":\"ListItem\",\"position\":1,\"name\":\"Accueil\",\"item\":\"https:\/\/staging.home3d.nl\/fr\/\"},{\"@type\":\"ListItem\",\"position\":2,\"name\":\"Boutique\",\"item\":\"https:\/\/staging.home3d.nl\/fr\/boutique\/\"},{\"@type\":\"ListItem\",\"position\":3,\"name\":\"Home Horloge murale 3D - 60cm\"}]},{\"@type\":\"WebSite\",\"@id\":\"https:\/\/staging.home3d.nl\/fr\/#website\",\"url\":\"https:\/\/staging.home3d.nl\/fr\/\",\"name\":\"Home3D.nl\",\"description\":\"\",\"publisher\":{\"@id\":\"https:\/\/staging.home3d.nl\/fr\/#organization\"},\"potentialAction\":[{\"@type\":\"SearchAction\",\"target\":{\"@type\":\"EntryPoint\",\"urlTemplate\":\"https:\/\/staging.home3d.nl\/fr\/?s={search_term_string}\"},\"query-input\":{\"@type\":\"PropertyValueSpecification\",\"valueRequired\":true,\"valueName\":\"search_term_string\"}}],\"inLanguage\":\"fr-FR\"},{\"@type\":\"Organization\",\"@id\":\"https:\/\/staging.home3d.nl\/fr\/#organization\",\"name\":\"Home3D.nl\",\"url\":\"https:\/\/staging.home3d.nl\/fr\/\",\"logo\":{\"@type\":\"ImageObject\",\"inLanguage\":\"fr-FR\",\"@id\":\"https:\/\/staging.home3d.nl\/fr\/#\/schema\/logo\/image\/\",\"url\":\"https:\/\/staging.home3d.nl\/wp-content\/uploads\/2023\/10\/Nieuw_logo_home_3d-1.png\",\"contentUrl\":\"https:\/\/staging.home3d.nl\/wp-content\/uploads\/2023\/10\/Nieuw_logo_home_3d-1.png\",\"width\":8880,\"height\":4000,\"caption\":\"Home3D.nl\"},\"image\":{\"@id\":\"https:\/\/staging.home3d.nl\/fr\/#\/schema\/logo\/image\/\"}}]}<\/script>\n<!-- \/ Yoast SEO plugin. -->","yoast_head_json":{"title":"Home 3D Horloge Murale | Design Unique | \u00c9l\u00e9gance Moderne","description":"Sublimez votre int\u00e9rieur avec une horloge murale Home 3D (60cm). Design moderne, haute qualit\u00e9 et divers coloris. D\u00e9couvrez la collection ici !","robots":{"index":"noindex","follow":"follow","max-snippet":"max-snippet:-1","max-image-preview":"max-image-preview:large","max-video-preview":"max-video-preview:-1"},"og_locale":"fr_FR","og_type":"article","og_title":"Home 3D Horloge Murale | Design Unique | \u00c9l\u00e9gance Moderne","og_description":"Sublimez votre int\u00e9rieur avec une horloge murale Home 3D (60cm). Design moderne, haute qualit\u00e9 et divers coloris. D\u00e9couvrez la collection ici !","og_url":"https:\/\/staging.home3d.nl\/fr\/produit\/home-horloge-murale-3d-60cm\/","og_site_name":"Home3D.nl","article_modified_time":"2026-02-27T10:25:45+00:00","og_image":[{"width":1080,"height":1080,"url":"https:\/\/staging.home3d.nl\/wp-content\/uploads\/2026\/02\/Wandklok-60cm-Wit.jpg","type":"image\/jpeg"}],"twitter_card":"summary_large_image","twitter_misc":{"Dur\u00e9e de lecture estim\u00e9e":"2 minutes"},"schema":{"@context":"https:\/\/schema.org","@graph":[{"@type":"WebPage","@id":"https:\/\/staging.home3d.nl\/fr\/produit\/home-horloge-murale-3d-60cm\/","url":"https:\/\/staging.home3d.nl\/fr\/produit\/home-horloge-murale-3d-60cm\/","name":"Home 3D Horloge Murale | Design Unique | \u00c9l\u00e9gance Moderne","isPartOf":{"@id":"https:\/\/staging.home3d.nl\/fr\/#website"},"primaryImageOfPage":{"@id":"https:\/\/staging.home3d.nl\/fr\/produit\/home-horloge-murale-3d-60cm\/#primaryimage"},"image":{"@id":"https:\/\/staging.home3d.nl\/fr\/produit\/home-horloge-murale-3d-60cm\/#primaryimage"},"thumbnailUrl":"https:\/\/staging.home3d.nl\/wp-content\/uploads\/2026\/02\/Wandklok-60cm-Wit.jpg","datePublished":"2026-02-25T11:25:10+00:00","dateModified":"2026-02-27T10:25:45+00:00","description":"Sublimez votre int\u00e9rieur avec une horloge murale Home 3D (60cm). Design moderne, haute qualit\u00e9 et divers coloris. D\u00e9couvrez la collection ici !","breadcrumb":{"@id":"https:\/\/staging.home3d.nl\/fr\/produit\/home-horloge-murale-3d-60cm\/#breadcrumb"},"inLanguage":"fr-FR","potentialAction":[{"@type":"ReadAction","target":["https:\/\/staging.home3d.nl\/fr\/produit\/home-horloge-murale-3d-60cm\/"]}]},{"@type":"ImageObject","inLanguage":"fr-FR","@id":"https:\/\/staging.home3d.nl\/fr\/produit\/home-horloge-murale-3d-60cm\/#primaryimage","url":"https:\/\/staging.home3d.nl\/wp-content\/uploads\/2026\/02\/Wandklok-60cm-Wit.jpg","contentUrl":"https:\/\/staging.home3d.nl\/wp-content\/uploads\/2026\/02\/Wandklok-60cm-Wit.jpg","width":1080,"height":1080},{"@type":"BreadcrumbList","@id":"https:\/\/staging.home3d.nl\/fr\/produit\/home-horloge-murale-3d-60cm\/#breadcrumb","itemListElement":[{"@type":"ListItem","position":1,"name":"Accueil","item":"https:\/\/staging.home3d.nl\/fr\/"},{"@type":"ListItem","position":2,"name":"Boutique","item":"https:\/\/staging.home3d.nl\/fr\/boutique\/"},{"@type":"ListItem","position":3,"name":"Home Horloge murale 3D - 60cm"}]},{"@type":"WebSite","@id":"https:\/\/staging.home3d.nl\/fr\/#website","url":"https:\/\/staging.home3d.nl\/fr\/","name":"Home3D.nl","description":"","publisher":{"@id":"https:\/\/staging.home3d.nl\/fr\/#organization"},"potentialAction":[{"@type":"SearchAction","target":{"@type":"EntryPoint","urlTemplate":"https:\/\/staging.home3d.nl\/fr\/?s={search_term_string}"},"query-input":{"@type":"PropertyValueSpecification","valueRequired":true,"valueName":"search_term_string"}}],"inLanguage":"fr-FR"},{"@type":"Organization","@id":"https:\/\/staging.home3d.nl\/fr\/#organization","name":"Home3D.nl","url":"https:\/\/staging.home3d.nl\/fr\/","logo":{"@type":"ImageObject","inLanguage":"fr-FR","@id":"https:\/\/staging.home3d.nl\/fr\/#\/schema\/logo\/image\/","url":"https:\/\/staging.home3d.nl\/wp-content\/uploads\/2023\/10\/Nieuw_logo_home_3d-1.png","contentUrl":"https:\/\/staging.home3d.nl\/wp-content\/uploads\/2023\/10\/Nieuw_logo_home_3d-1.png","width":8880,"height":4000,"caption":"Home3D.nl"},"image":{"@id":"https:\/\/staging.home3d.nl\/fr\/#\/schema\/logo\/image\/"}}]}},"_links":{"self":[{"href":"https:\/\/staging.home3d.nl\/fr\/wp-json\/wp\/v2\/product\/7699","targetHints":{"allow":["GET"]}}],"collection":[{"href":"https:\/\/staging.home3d.nl\/fr\/wp-json\/wp\/v2\/product"}],"about":[{"href":"https:\/\/staging.home3d.nl\/fr\/wp-json\/wp\/v2\/types\/product"}],"replies":[{"embeddable":true,"href":"https:\/\/staging.home3d.nl\/fr\/wp-json\/wp\/v2\/comments?post=7699"}],"version-history":[{"count":3,"href":"https:\/\/staging.home3d.nl\/fr\/wp-json\/wp\/v2\/product\/7699\/revisions"}],"predecessor-version":[{"id":7777,"href":"https:\/\/staging.home3d.nl\/fr\/wp-json\/wp\/v2\/product\/7699\/revisions\/7777"}],"wp:featuredmedia":[{"embeddable":true,"href":"https:\/\/staging.home3d.nl\/fr\/wp-json\/wp\/v2\/media\/7618"}],"wp:attachment":[{"href":"https:\/\/staging.home3d.nl\/fr\/wp-json\/wp\/v2\/media?parent=7699"}],"wp:term":[{"taxonomy":"product_brand","embeddable":true,"href":"https:\/\/staging.home3d.nl\/fr\/wp-json\/wp\/v2\/product_brand?post=7699"},{"taxonomy":"product_cat","embeddable":true,"href":"https:\/\/staging.home3d.nl\/fr\/wp-json\/wp\/v2\/product_cat?post=7699"},{"taxonomy":"product_tag","embeddable":true,"href":"https:\/\/staging.home3d.nl\/fr\/wp-json\/wp\/v2\/product_tag?post=7699"}],"curies":[{"name":"wp","href":"https:\/\/api.w.org\/{rel}","templated":true}]}}