{"id":5598,"date":"2025-08-01T14:19:50","date_gmt":"2025-08-01T12:19:50","guid":{"rendered":"https:\/\/staging.home3d.nl\/product\/accueil-3d-rosette-a-cle\/"},"modified":"2026-04-12T02:24:51","modified_gmt":"2026-04-12T01:24:51","slug":"accueil-3d-rosette-a-cle","status":"publish","type":"product","link":"https:\/\/staging.home3d.nl\/fr\/produit\/accueil-3d-rosette-a-cle\/","title":{"rendered":"Home 3D Rosette \u00e0 cl\u00e9"},"content":{"rendered":"<p data-path-to-node=\"9\"><b data-path-to-node=\"9\" data-index-in-node=\"0\">Apportez une touche moderne \u00e0 vos portes int\u00e9rieures avec la rosace de cl\u00e9 Home 3D \u2013 Design &amp; Qualit\u00e9 des Pays-Bas<\/b><\/p>\n<p data-path-to-node=\"10\">Vous recherchez la touche finale parfaite pour votre int\u00e9rieur ? La rosace de cl\u00e9 Home 3D est l&rsquo;ajout id\u00e9al pour ceux qui appr\u00e9cient un aspect \u00e9pur\u00e9 et moderne dans leur maison. Chaque pi\u00e8ce est con\u00e7ue et fabriqu\u00e9e par nos soins aux Pays-Bas, en utilisant une technologie d&rsquo;impression 3D avanc\u00e9e. Cela garantit un produit unique qui est non seulement esth\u00e9tique, mais qui r\u00e9pond \u00e9galement aux normes de qualit\u00e9 les plus \u00e9lev\u00e9es. Son design minimaliste s&rsquo;int\u00e8gre parfaitement \u00e0 tous les styles \u2013 de l&rsquo;industriel au moderne \u2013 et donne instantan\u00e9ment un coup de neuf \u00e0 vos portes.<\/p>\n<p data-path-to-node=\"11\"><b data-path-to-node=\"11\" data-index-in-node=\"0\">Pourquoi choisir cette rosace de cl\u00e9 unique de Home 3D ?<\/b><\/p>\n<ul data-path-to-node=\"12\">\n<li>\n<p data-path-to-node=\"12,0,0\"><strong>Mat\u00e9riaux de haute qualit\u00e9<\/strong> : Chaque rosace de cl\u00e9 est fabriqu\u00e9e \u00e0 partir de filament PLA de qualit\u00e9 sup\u00e9rieure, garantissant un r\u00e9sultat durable qui reste beau au fil du temps.<\/p>\n<\/li>\n<li>\n<p data-path-to-node=\"12,1,0\"><b data-path-to-node=\"12,1,0\" data-index-in-node=\"0\">Kit complet :<\/b> Le produit est livr\u00e9 sous forme de kit complet, vous permettant d&rsquo;\u00e9quiper directement les deux c\u00f4t\u00e9s de la porte avec une finition \u00e9l\u00e9gante.<\/p>\n<\/li>\n<li>\n<p data-path-to-node=\"12,2,0\"><b data-path-to-node=\"12,2,0\" data-index-in-node=\"0\">V\u00e9ritable qualit\u00e9 n\u00e9erlandaise :<\/b> Gr\u00e2ce \u00e0 notre processus de production local aux Pays-Bas, nous garantissons un savoir-faire artisanal et une attention particuli\u00e8re aux d\u00e9tails pour chaque composant.<\/p>\n<\/li>\n<li>\n<p data-path-to-node=\"12,3,0\"><b data-path-to-node=\"12,3,0\" data-index-in-node=\"0\">Montage facile :<\/b> Pas besoin d&rsquo;\u00eatre un expert ; gr\u00e2ce au mat\u00e9riel de fixation inclus, vous installez le kit rapidement et facilement sur vos portes int\u00e9rieures.<\/p>\n<\/li>\n<li>\n<p data-path-to-node=\"12,4,0\"><b data-path-to-node=\"12,4,0\" data-index-in-node=\"0\">Am\u00e9lioration \u00e9l\u00e9gante :<\/b> Cet ensemble est parfait pour moderniser votre quincaillerie de porte actuelle et rend l&rsquo;ouverture et la fermeture des portes beaucoup plus styl\u00e9es.<\/p>\n<\/li>\n<li>\n<p data-path-to-node=\"12,5,0\"><b data-path-to-node=\"12,5,0\" data-index-in-node=\"0\">Facile \u00e0 entretenir :<\/b> Gr\u00e2ce \u00e0 la surface lisse des pi\u00e8ces imprim\u00e9es en 3D, le mat\u00e9riau est facile \u00e0 nettoyer avec un chiffon l\u00e9g\u00e8rement humide.<\/p>\n<\/li>\n<\/ul>\n<p data-path-to-node=\"13\"><b data-path-to-node=\"13\" data-index-in-node=\"0\">Informations importantes pour la commande<\/b> Veuillez noter que lors de la commande de la rosace de cl\u00e9 , seul le kit de rosaces est livr\u00e9. Pour un r\u00e9sultat complet, ce produit doit \u00eatre combin\u00e9 avec l&rsquo;une de nos poign\u00e9es de porte Home 3D Wood Handle. Vous cr\u00e9erez ainsi un ensemble harmonieux, \u00e0 la fois fonctionnel et visuellement impressionnant dans chaque pi\u00e8ce.<\/p>\n","protected":false},"excerpt":{"rendered":"<p data-path-to-node=\"9\"><b data-path-to-node=\"9\" data-index-in-node=\"0\">Apportez une touche moderne \u00e0 vos portes int\u00e9rieures avec la rosace de cl\u00e9 Home 3D \u2013 Design &amp; Qualit\u00e9 des Pays-Bas<\/b><\/p>\n<p data-path-to-node=\"10\">Vous recherchez la touche finale parfaite pour votre int\u00e9rieur ? La rosace de cl\u00e9 Home 3D est l&rsquo;ajout id\u00e9al pour ceux qui appr\u00e9cient un aspect \u00e9pur\u00e9 et moderne dans leur maison. Chaque pi\u00e8ce est con\u00e7ue et fabriqu\u00e9e par nos soins aux Pays-Bas, en utilisant une technologie d&rsquo;impression 3D avanc\u00e9e. Cela garantit un produit unique qui est non seulement esth\u00e9tique, mais qui r\u00e9pond \u00e9galement aux normes de qualit\u00e9 les plus \u00e9lev\u00e9es. Son design minimaliste s&rsquo;int\u00e8gre parfaitement \u00e0 tous les styles \u2013 de l&rsquo;industriel au moderne \u2013 et donne instantan\u00e9ment un coup de neuf \u00e0 vos portes.<\/p>\n<p data-path-to-node=\"11\"><b data-path-to-node=\"11\" data-index-in-node=\"0\">Pourquoi choisir cette rosace de cl\u00e9 unique de Home 3D ?<\/b><\/p>\n<ul data-path-to-node=\"12\">\n<li>\n<p data-path-to-node=\"12,0,0\"><strong>Mat\u00e9riaux de haute qualit\u00e9<\/strong> : Chaque rosace de cl\u00e9 est fabriqu\u00e9e \u00e0 partir de filament PLA de qualit\u00e9 sup\u00e9rieure, garantissant un r\u00e9sultat durable qui reste beau au fil du temps.<\/p>\n<\/li>\n<li>\n<p data-path-to-node=\"12,1,0\"><b data-path-to-node=\"12,1,0\" data-index-in-node=\"0\">Kit complet :<\/b> Le produit est livr\u00e9 sous forme de kit complet, vous permettant d&rsquo;\u00e9quiper directement les deux c\u00f4t\u00e9s de la porte avec une finition \u00e9l\u00e9gante.<\/p>\n<\/li>\n<li>\n<p data-path-to-node=\"12,2,0\"><b data-path-to-node=\"12,2,0\" data-index-in-node=\"0\">V\u00e9ritable qualit\u00e9 n\u00e9erlandaise :<\/b> Gr\u00e2ce \u00e0 notre processus de production local aux Pays-Bas, nous garantissons un savoir-faire artisanal et une attention particuli\u00e8re aux d\u00e9tails pour chaque composant.<\/p>\n<\/li>\n<li>\n<p data-path-to-node=\"12,3,0\"><b data-path-to-node=\"12,3,0\" data-index-in-node=\"0\">Montage facile :<\/b> Pas besoin d&rsquo;\u00eatre un expert ; gr\u00e2ce au mat\u00e9riel de fixation inclus, vous installez le kit rapidement et facilement sur vos portes int\u00e9rieures.<\/p>\n<\/li>\n<li>\n<p data-path-to-node=\"12,4,0\"><b data-path-to-node=\"12,4,0\" data-index-in-node=\"0\">Am\u00e9lioration \u00e9l\u00e9gante :<\/b> Cet ensemble est parfait pour moderniser votre quincaillerie de porte actuelle et rend l&rsquo;ouverture et la fermeture des portes beaucoup plus styl\u00e9es.<\/p>\n<\/li>\n<li>\n<p data-path-to-node=\"12,5,0\"><b data-path-to-node=\"12,5,0\" data-index-in-node=\"0\">Facile \u00e0 entretenir :<\/b> Gr\u00e2ce \u00e0 la surface lisse des pi\u00e8ces imprim\u00e9es en 3D, le mat\u00e9riau est facile \u00e0 nettoyer avec un chiffon l\u00e9g\u00e8rement humide.<\/p>\n<\/li>\n<\/ul>\n<p data-path-to-node=\"13\"><b data-path-to-node=\"13\" data-index-in-node=\"0\">Informations importantes pour la commande<\/b> Veuillez noter que lors de la commande de la rosace de cl\u00e9 , seul le kit de rosaces est livr\u00e9. Pour un r\u00e9sultat complet, ce produit doit \u00eatre combin\u00e9 avec l&rsquo;une de nos poign\u00e9es de porte Home 3D Wood Handle. Vous cr\u00e9erez ainsi un ensemble harmonieux, \u00e0 la fois fonctionnel et visuellement impressionnant dans chaque pi\u00e8ce.<\/p>\n","protected":false},"featured_media":6500,"comment_status":"open","ping_status":"closed","template":"","meta":{"_acf_changed":false,"inline_featured_image":false},"product_brand":[],"product_cat":[35],"product_tag":[62],"class_list":{"0":"post-5598","1":"product","2":"type-product","3":"status-publish","4":"has-post-thumbnail","6":"product_cat-deur-klinken","7":"product_tag-sleutelrozet","8":"product_shipping_class-pakket-2","10":"first","11":"instock","12":"taxable","13":"shipping-taxable","14":"purchasable","15":"product-type-variable"},"acf":[],"yoast_head":"<!-- This site is optimized with the Yoast SEO plugin v26.9 - https:\/\/yoast.com\/product\/yoast-seo-wordpress\/ -->\n<title>Rosace de cl\u00e9 | Design Moderne | Home 3D<\/title>\n<meta name=\"description\" content=\"Cherchez-vous une rosace de cl\u00e9 moderne ? D\u00e9couvrez nos kits Home 3D durables et \u00e9l\u00e9gants. Qualit\u00e9 n\u00e9erlandaise et livraison rapide. Commandez ici !\" \/>\n<meta name=\"robots\" content=\"noindex, follow, max-snippet:-1, max-image-preview:large, max-video-preview:-1\" \/>\n<meta property=\"og:locale\" content=\"fr_FR\" \/>\n<meta property=\"og:type\" content=\"article\" \/>\n<meta property=\"og:title\" content=\"Rosace de cl\u00e9 | Design Moderne | Home 3D\" \/>\n<meta property=\"og:description\" content=\"Cherchez-vous une rosace de cl\u00e9 moderne ? D\u00e9couvrez nos kits Home 3D durables et \u00e9l\u00e9gants. Qualit\u00e9 n\u00e9erlandaise et livraison rapide. Commandez ici !\" \/>\n<meta property=\"og:url\" content=\"https:\/\/staging.home3d.nl\/fr\/produit\/accueil-3d-rosette-a-cle\/\" \/>\n<meta property=\"og:site_name\" content=\"Home3D.nl\" \/>\n<meta property=\"article:modified_time\" content=\"2026-04-12T01:24:51+00:00\" \/>\n<meta property=\"og:image\" content=\"https:\/\/staging.home3d.nl\/wp-content\/uploads\/2025\/08\/Home-3D-Sleutelrozet-Rood.jpg\" \/>\n\t<meta property=\"og:image:width\" content=\"1080\" \/>\n\t<meta property=\"og:image:height\" content=\"1080\" \/>\n\t<meta property=\"og:image:type\" content=\"image\/jpeg\" \/>\n<meta name=\"twitter:card\" content=\"summary_large_image\" \/>\n<meta name=\"twitter:label1\" content=\"Dur\u00e9e de lecture estim\u00e9e\" \/>\n\t<meta name=\"twitter:data1\" content=\"2 minutes\" \/>\n<script type=\"application\/ld+json\" class=\"yoast-schema-graph\">{\"@context\":\"https:\/\/schema.org\",\"@graph\":[{\"@type\":\"WebPage\",\"@id\":\"https:\/\/staging.home3d.nl\/fr\/produit\/accueil-3d-rosette-a-cle\/\",\"url\":\"https:\/\/staging.home3d.nl\/fr\/produit\/accueil-3d-rosette-a-cle\/\",\"name\":\"Rosace de cl\u00e9 | Design Moderne | Home 3D\",\"isPartOf\":{\"@id\":\"https:\/\/staging.home3d.nl\/fr\/#website\"},\"primaryImageOfPage\":{\"@id\":\"https:\/\/staging.home3d.nl\/fr\/produit\/accueil-3d-rosette-a-cle\/#primaryimage\"},\"image\":{\"@id\":\"https:\/\/staging.home3d.nl\/fr\/produit\/accueil-3d-rosette-a-cle\/#primaryimage\"},\"thumbnailUrl\":\"https:\/\/staging.home3d.nl\/wp-content\/uploads\/2025\/08\/Home-3D-Sleutelrozet-Rood.jpg\",\"datePublished\":\"2025-08-01T12:19:50+00:00\",\"dateModified\":\"2026-04-12T01:24:51+00:00\",\"description\":\"Cherchez-vous une rosace de cl\u00e9 moderne ? D\u00e9couvrez nos kits Home 3D durables et \u00e9l\u00e9gants. Qualit\u00e9 n\u00e9erlandaise et livraison rapide. Commandez ici !\",\"breadcrumb\":{\"@id\":\"https:\/\/staging.home3d.nl\/fr\/produit\/accueil-3d-rosette-a-cle\/#breadcrumb\"},\"inLanguage\":\"fr-FR\",\"potentialAction\":[{\"@type\":\"ReadAction\",\"target\":[\"https:\/\/staging.home3d.nl\/fr\/produit\/accueil-3d-rosette-a-cle\/\"]}]},{\"@type\":\"ImageObject\",\"inLanguage\":\"fr-FR\",\"@id\":\"https:\/\/staging.home3d.nl\/fr\/produit\/accueil-3d-rosette-a-cle\/#primaryimage\",\"url\":\"https:\/\/staging.home3d.nl\/wp-content\/uploads\/2025\/08\/Home-3D-Sleutelrozet-Rood.jpg\",\"contentUrl\":\"https:\/\/staging.home3d.nl\/wp-content\/uploads\/2025\/08\/Home-3D-Sleutelrozet-Rood.jpg\",\"width\":1080,\"height\":1080},{\"@type\":\"BreadcrumbList\",\"@id\":\"https:\/\/staging.home3d.nl\/fr\/produit\/accueil-3d-rosette-a-cle\/#breadcrumb\",\"itemListElement\":[{\"@type\":\"ListItem\",\"position\":1,\"name\":\"Accueil\",\"item\":\"https:\/\/staging.home3d.nl\/fr\/\"},{\"@type\":\"ListItem\",\"position\":2,\"name\":\"Boutique\",\"item\":\"https:\/\/staging.home3d.nl\/fr\/boutique\/\"},{\"@type\":\"ListItem\",\"position\":3,\"name\":\"Home 3D Rosette \u00e0 cl\u00e9\"}]},{\"@type\":\"WebSite\",\"@id\":\"https:\/\/staging.home3d.nl\/fr\/#website\",\"url\":\"https:\/\/staging.home3d.nl\/fr\/\",\"name\":\"Home3D.nl\",\"description\":\"\",\"publisher\":{\"@id\":\"https:\/\/staging.home3d.nl\/fr\/#organization\"},\"potentialAction\":[{\"@type\":\"SearchAction\",\"target\":{\"@type\":\"EntryPoint\",\"urlTemplate\":\"https:\/\/staging.home3d.nl\/fr\/?s={search_term_string}\"},\"query-input\":{\"@type\":\"PropertyValueSpecification\",\"valueRequired\":true,\"valueName\":\"search_term_string\"}}],\"inLanguage\":\"fr-FR\"},{\"@type\":\"Organization\",\"@id\":\"https:\/\/staging.home3d.nl\/fr\/#organization\",\"name\":\"Home3D.nl\",\"url\":\"https:\/\/staging.home3d.nl\/fr\/\",\"logo\":{\"@type\":\"ImageObject\",\"inLanguage\":\"fr-FR\",\"@id\":\"https:\/\/staging.home3d.nl\/fr\/#\/schema\/logo\/image\/\",\"url\":\"https:\/\/staging.home3d.nl\/wp-content\/uploads\/2023\/10\/Nieuw_logo_home_3d-1.png\",\"contentUrl\":\"https:\/\/staging.home3d.nl\/wp-content\/uploads\/2023\/10\/Nieuw_logo_home_3d-1.png\",\"width\":8880,\"height\":4000,\"caption\":\"Home3D.nl\"},\"image\":{\"@id\":\"https:\/\/staging.home3d.nl\/fr\/#\/schema\/logo\/image\/\"}}]}<\/script>\n<!-- \/ Yoast SEO plugin. -->","yoast_head_json":{"title":"Rosace de cl\u00e9 | Design Moderne | Home 3D","description":"Cherchez-vous une rosace de cl\u00e9 moderne ? D\u00e9couvrez nos kits Home 3D durables et \u00e9l\u00e9gants. Qualit\u00e9 n\u00e9erlandaise et livraison rapide. Commandez ici !","robots":{"index":"noindex","follow":"follow","max-snippet":"max-snippet:-1","max-image-preview":"max-image-preview:large","max-video-preview":"max-video-preview:-1"},"og_locale":"fr_FR","og_type":"article","og_title":"Rosace de cl\u00e9 | Design Moderne | Home 3D","og_description":"Cherchez-vous une rosace de cl\u00e9 moderne ? D\u00e9couvrez nos kits Home 3D durables et \u00e9l\u00e9gants. Qualit\u00e9 n\u00e9erlandaise et livraison rapide. Commandez ici !","og_url":"https:\/\/staging.home3d.nl\/fr\/produit\/accueil-3d-rosette-a-cle\/","og_site_name":"Home3D.nl","article_modified_time":"2026-04-12T01:24:51+00:00","og_image":[{"width":1080,"height":1080,"url":"https:\/\/staging.home3d.nl\/wp-content\/uploads\/2025\/08\/Home-3D-Sleutelrozet-Rood.jpg","type":"image\/jpeg"}],"twitter_card":"summary_large_image","twitter_misc":{"Dur\u00e9e de lecture estim\u00e9e":"2 minutes"},"schema":{"@context":"https:\/\/schema.org","@graph":[{"@type":"WebPage","@id":"https:\/\/staging.home3d.nl\/fr\/produit\/accueil-3d-rosette-a-cle\/","url":"https:\/\/staging.home3d.nl\/fr\/produit\/accueil-3d-rosette-a-cle\/","name":"Rosace de cl\u00e9 | Design Moderne | Home 3D","isPartOf":{"@id":"https:\/\/staging.home3d.nl\/fr\/#website"},"primaryImageOfPage":{"@id":"https:\/\/staging.home3d.nl\/fr\/produit\/accueil-3d-rosette-a-cle\/#primaryimage"},"image":{"@id":"https:\/\/staging.home3d.nl\/fr\/produit\/accueil-3d-rosette-a-cle\/#primaryimage"},"thumbnailUrl":"https:\/\/staging.home3d.nl\/wp-content\/uploads\/2025\/08\/Home-3D-Sleutelrozet-Rood.jpg","datePublished":"2025-08-01T12:19:50+00:00","dateModified":"2026-04-12T01:24:51+00:00","description":"Cherchez-vous une rosace de cl\u00e9 moderne ? D\u00e9couvrez nos kits Home 3D durables et \u00e9l\u00e9gants. Qualit\u00e9 n\u00e9erlandaise et livraison rapide. Commandez ici !","breadcrumb":{"@id":"https:\/\/staging.home3d.nl\/fr\/produit\/accueil-3d-rosette-a-cle\/#breadcrumb"},"inLanguage":"fr-FR","potentialAction":[{"@type":"ReadAction","target":["https:\/\/staging.home3d.nl\/fr\/produit\/accueil-3d-rosette-a-cle\/"]}]},{"@type":"ImageObject","inLanguage":"fr-FR","@id":"https:\/\/staging.home3d.nl\/fr\/produit\/accueil-3d-rosette-a-cle\/#primaryimage","url":"https:\/\/staging.home3d.nl\/wp-content\/uploads\/2025\/08\/Home-3D-Sleutelrozet-Rood.jpg","contentUrl":"https:\/\/staging.home3d.nl\/wp-content\/uploads\/2025\/08\/Home-3D-Sleutelrozet-Rood.jpg","width":1080,"height":1080},{"@type":"BreadcrumbList","@id":"https:\/\/staging.home3d.nl\/fr\/produit\/accueil-3d-rosette-a-cle\/#breadcrumb","itemListElement":[{"@type":"ListItem","position":1,"name":"Accueil","item":"https:\/\/staging.home3d.nl\/fr\/"},{"@type":"ListItem","position":2,"name":"Boutique","item":"https:\/\/staging.home3d.nl\/fr\/boutique\/"},{"@type":"ListItem","position":3,"name":"Home 3D Rosette \u00e0 cl\u00e9"}]},{"@type":"WebSite","@id":"https:\/\/staging.home3d.nl\/fr\/#website","url":"https:\/\/staging.home3d.nl\/fr\/","name":"Home3D.nl","description":"","publisher":{"@id":"https:\/\/staging.home3d.nl\/fr\/#organization"},"potentialAction":[{"@type":"SearchAction","target":{"@type":"EntryPoint","urlTemplate":"https:\/\/staging.home3d.nl\/fr\/?s={search_term_string}"},"query-input":{"@type":"PropertyValueSpecification","valueRequired":true,"valueName":"search_term_string"}}],"inLanguage":"fr-FR"},{"@type":"Organization","@id":"https:\/\/staging.home3d.nl\/fr\/#organization","name":"Home3D.nl","url":"https:\/\/staging.home3d.nl\/fr\/","logo":{"@type":"ImageObject","inLanguage":"fr-FR","@id":"https:\/\/staging.home3d.nl\/fr\/#\/schema\/logo\/image\/","url":"https:\/\/staging.home3d.nl\/wp-content\/uploads\/2023\/10\/Nieuw_logo_home_3d-1.png","contentUrl":"https:\/\/staging.home3d.nl\/wp-content\/uploads\/2023\/10\/Nieuw_logo_home_3d-1.png","width":8880,"height":4000,"caption":"Home3D.nl"},"image":{"@id":"https:\/\/staging.home3d.nl\/fr\/#\/schema\/logo\/image\/"}}]}},"_links":{"self":[{"href":"https:\/\/staging.home3d.nl\/fr\/wp-json\/wp\/v2\/product\/5598","targetHints":{"allow":["GET"]}}],"collection":[{"href":"https:\/\/staging.home3d.nl\/fr\/wp-json\/wp\/v2\/product"}],"about":[{"href":"https:\/\/staging.home3d.nl\/fr\/wp-json\/wp\/v2\/types\/product"}],"replies":[{"embeddable":true,"href":"https:\/\/staging.home3d.nl\/fr\/wp-json\/wp\/v2\/comments?post=5598"}],"version-history":[{"count":3,"href":"https:\/\/staging.home3d.nl\/fr\/wp-json\/wp\/v2\/product\/5598\/revisions"}],"predecessor-version":[{"id":7795,"href":"https:\/\/staging.home3d.nl\/fr\/wp-json\/wp\/v2\/product\/5598\/revisions\/7795"}],"wp:featuredmedia":[{"embeddable":true,"href":"https:\/\/staging.home3d.nl\/fr\/wp-json\/wp\/v2\/media\/6500"}],"wp:attachment":[{"href":"https:\/\/staging.home3d.nl\/fr\/wp-json\/wp\/v2\/media?parent=5598"}],"wp:term":[{"taxonomy":"product_brand","embeddable":true,"href":"https:\/\/staging.home3d.nl\/fr\/wp-json\/wp\/v2\/product_brand?post=5598"},{"taxonomy":"product_cat","embeddable":true,"href":"https:\/\/staging.home3d.nl\/fr\/wp-json\/wp\/v2\/product_cat?post=5598"},{"taxonomy":"product_tag","embeddable":true,"href":"https:\/\/staging.home3d.nl\/fr\/wp-json\/wp\/v2\/product_tag?post=5598"}],"curies":[{"name":"wp","href":"https:\/\/api.w.org\/{rel}","templated":true}]}}