{"id":5498,"date":"2023-12-11T08:12:22","date_gmt":"2023-12-11T08:12:22","guid":{"rendered":"https:\/\/staging.home3d.nl\/product\/poignee-de-porte-en-bois\/"},"modified":"2026-04-12T02:24:51","modified_gmt":"2026-04-12T01:24:51","slug":"poignee-de-porte-en-bois","status":"publish","type":"product","link":"https:\/\/staging.home3d.nl\/fr\/produit\/poignee-de-porte-en-bois\/","title":{"rendered":"Poign\u00e9e de porte en bois"},"content":{"rendered":"<h2 data-path-to-node=\"7\">Am\u00e9liorez votre int\u00e9rieur avec des poign\u00e9es de porte modernes<\/h2>\n<p data-path-to-node=\"8\">Vous cherchez une mani\u00e8re unique d&#8217;embellir vos portes ? Nos poign\u00e9es de porte offrent la combinaison parfaite entre design moderne et artisanat de haute qualit\u00e9. Puisque nous concevons et fabriquons chaque poign\u00e9e de porte aux Pays-Bas, nous garantissons un produit introuvable ailleurs. De plus, la subtile texture imprim\u00e9e en 3D apporte un aspect luxueux qui se remarque imm\u00e9diatement dans chaque pi\u00e8ce.<\/p>\n<h5 data-path-to-node=\"9\">Design n\u00e9erlandais durable et confort optimal<\/h5>\n<p data-path-to-node=\"10\">La qualit\u00e9 est notre priorit\u00e9 absolue durant tout le processus de production. C&rsquo;est pourquoi nous utilisons des mat\u00e9riaux robustes et durables qui r\u00e9sistent \u00e0 des ann\u00e9es d&rsquo;utilisation intensive. Par cons\u00e9quent, les poign\u00e9es de porte sont non seulement solides, mais offrent \u00e9galement une prise en main tr\u00e8s agr\u00e9able. De plus, l&rsquo;installation d&rsquo;une nouvelle poign\u00e9e de porte est tr\u00e8s simple sur presque toutes les portes int\u00e9rieures standard. En r\u00e9sum\u00e9, vous pouvez donner un tout nouveau look \u00e0 votre maison en quelques minutes seulement.<\/p>\n<h5 data-path-to-node=\"11\">Choisissez parmi 10 couleurs \u00e9l\u00e9gantes pour chaque b\u00e9quille<\/h5>\n<p data-path-to-node=\"12\">Chaque style d&rsquo;int\u00e9rieur demande une couleur et une finition sp\u00e9cifique. Pour cette raison, nos poign\u00e9es de porte sont disponibles en pas moins de 10 couleurs diff\u00e9rentes. Que vous choisissiez le noir intemporel, l&rsquo;anthracite moderne ou une couleur tendance audacieuse, il y a toujours une correspondance avec votre d\u00e9coration. En outre, chaque b\u00e9quille de porte est r\u00e9sistante aux couleurs et facile \u00e0 nettoyer avec un chiffon humide. En conclusion, Home 3D allie innovation et style dans les moindres d\u00e9tails de votre maison.<\/p>\n","protected":false},"excerpt":{"rendered":"<h2 data-path-to-node=\"7\">Am\u00e9liorez votre int\u00e9rieur avec des poign\u00e9es de porte modernes<\/h2>\n<p data-path-to-node=\"8\">Vous cherchez une mani\u00e8re unique d&#8217;embellir vos portes ? Nos poign\u00e9es de porte offrent la combinaison parfaite entre design moderne et artisanat de haute qualit\u00e9. Puisque nous concevons et fabriquons chaque poign\u00e9e de porte aux Pays-Bas, nous garantissons un produit introuvable ailleurs. De plus, la subtile texture imprim\u00e9e en 3D apporte un aspect luxueux qui se remarque imm\u00e9diatement dans chaque pi\u00e8ce.<\/p>\n<h5 data-path-to-node=\"9\">Design n\u00e9erlandais durable et confort optimal<\/h5>\n<p data-path-to-node=\"10\">La qualit\u00e9 est notre priorit\u00e9 absolue durant tout le processus de production. C&rsquo;est pourquoi nous utilisons des mat\u00e9riaux robustes et durables qui r\u00e9sistent \u00e0 des ann\u00e9es d&rsquo;utilisation intensive. Par cons\u00e9quent, les poign\u00e9es de porte sont non seulement solides, mais offrent \u00e9galement une prise en main tr\u00e8s agr\u00e9able. De plus, l&rsquo;installation d&rsquo;une nouvelle poign\u00e9e de porte est tr\u00e8s simple sur presque toutes les portes int\u00e9rieures standard. En r\u00e9sum\u00e9, vous pouvez donner un tout nouveau look \u00e0 votre maison en quelques minutes seulement.<\/p>\n<h5 data-path-to-node=\"11\">Choisissez parmi 10 couleurs \u00e9l\u00e9gantes pour chaque b\u00e9quille<\/h5>\n<p data-path-to-node=\"12\">Chaque style d&rsquo;int\u00e9rieur demande une couleur et une finition sp\u00e9cifique. Pour cette raison, nos poign\u00e9es de porte sont disponibles en pas moins de 10 couleurs diff\u00e9rentes. Que vous choisissiez le noir intemporel, l&rsquo;anthracite moderne ou une couleur tendance audacieuse, il y a toujours une correspondance avec votre d\u00e9coration. En outre, chaque b\u00e9quille de porte est r\u00e9sistante aux couleurs et facile \u00e0 nettoyer avec un chiffon humide. En conclusion, Home 3D allie innovation et style dans les moindres d\u00e9tails de votre maison.<\/p>\n","protected":false},"featured_media":6436,"comment_status":"open","ping_status":"closed","template":"","meta":{"_acf_changed":false,"inline_featured_image":false},"product_brand":[],"product_cat":[35],"product_tag":[83],"class_list":{"0":"post-5498","1":"product","2":"type-product","3":"status-publish","4":"has-post-thumbnail","6":"product_cat-deur-klinken","7":"product_tag-wood-handle-deurklink","8":"product_shipping_class-pakket-2","10":"first","11":"instock","12":"taxable","13":"shipping-taxable","14":"purchasable","15":"product-type-variable"},"acf":[],"yoast_head":"<!-- This site is optimized with the Yoast SEO plugin v26.9 - https:\/\/yoast.com\/product\/yoast-seo-wordpress\/ -->\n<title>Poign\u00e9es de Porte Modernes | 10 Couleurs | Home 3D Design<\/title>\n<meta name=\"description\" content=\"Poign\u00e9es de porte Home 3D : Design n\u00e9erlandais unique en 10 couleurs. Qualit\u00e9 durable, prise en main parfaite et montage facile. Commandez les v\u00f4tres ici !\" \/>\n<meta name=\"robots\" content=\"noindex, follow, max-snippet:-1, max-image-preview:large, max-video-preview:-1\" \/>\n<meta property=\"og:locale\" content=\"fr_FR\" \/>\n<meta property=\"og:type\" content=\"article\" \/>\n<meta property=\"og:title\" content=\"Poign\u00e9es de Porte Modernes | 10 Couleurs | Home 3D Design\" \/>\n<meta property=\"og:description\" content=\"Poign\u00e9es de porte Home 3D : Design n\u00e9erlandais unique en 10 couleurs. Qualit\u00e9 durable, prise en main parfaite et montage facile. Commandez les v\u00f4tres ici !\" \/>\n<meta property=\"og:url\" content=\"https:\/\/staging.home3d.nl\/fr\/produit\/poignee-de-porte-en-bois\/\" \/>\n<meta property=\"og:site_name\" content=\"Home3D.nl\" \/>\n<meta property=\"article:modified_time\" content=\"2026-04-12T01:24:51+00:00\" \/>\n<meta property=\"og:image\" content=\"https:\/\/staging.home3d.nl\/wp-content\/uploads\/2024\/11\/foto-facebook_-1.png\" \/>\n\t<meta property=\"og:image:width\" content=\"1080\" \/>\n\t<meta property=\"og:image:height\" content=\"1080\" \/>\n\t<meta property=\"og:image:type\" content=\"image\/png\" \/>\n<meta name=\"twitter:card\" content=\"summary_large_image\" \/>\n<meta name=\"twitter:label1\" content=\"Dur\u00e9e de lecture estim\u00e9e\" \/>\n\t<meta name=\"twitter:data1\" content=\"2 minutes\" \/>\n<script type=\"application\/ld+json\" class=\"yoast-schema-graph\">{\"@context\":\"https:\/\/schema.org\",\"@graph\":[{\"@type\":\"WebPage\",\"@id\":\"https:\/\/staging.home3d.nl\/fr\/produit\/poignee-de-porte-en-bois\/\",\"url\":\"https:\/\/staging.home3d.nl\/fr\/produit\/poignee-de-porte-en-bois\/\",\"name\":\"Poign\u00e9es de Porte Modernes | 10 Couleurs | Home 3D Design\",\"isPartOf\":{\"@id\":\"https:\/\/staging.home3d.nl\/fr\/#website\"},\"primaryImageOfPage\":{\"@id\":\"https:\/\/staging.home3d.nl\/fr\/produit\/poignee-de-porte-en-bois\/#primaryimage\"},\"image\":{\"@id\":\"https:\/\/staging.home3d.nl\/fr\/produit\/poignee-de-porte-en-bois\/#primaryimage\"},\"thumbnailUrl\":\"https:\/\/staging.home3d.nl\/wp-content\/uploads\/2024\/11\/foto-facebook_-1.png\",\"datePublished\":\"2023-12-11T08:12:22+00:00\",\"dateModified\":\"2026-04-12T01:24:51+00:00\",\"description\":\"Poign\u00e9es de porte Home 3D : Design n\u00e9erlandais unique en 10 couleurs. Qualit\u00e9 durable, prise en main parfaite et montage facile. Commandez les v\u00f4tres ici !\",\"breadcrumb\":{\"@id\":\"https:\/\/staging.home3d.nl\/fr\/produit\/poignee-de-porte-en-bois\/#breadcrumb\"},\"inLanguage\":\"fr-FR\",\"potentialAction\":[{\"@type\":\"ReadAction\",\"target\":[\"https:\/\/staging.home3d.nl\/fr\/produit\/poignee-de-porte-en-bois\/\"]}]},{\"@type\":\"ImageObject\",\"inLanguage\":\"fr-FR\",\"@id\":\"https:\/\/staging.home3d.nl\/fr\/produit\/poignee-de-porte-en-bois\/#primaryimage\",\"url\":\"https:\/\/staging.home3d.nl\/wp-content\/uploads\/2024\/11\/foto-facebook_-1.png\",\"contentUrl\":\"https:\/\/staging.home3d.nl\/wp-content\/uploads\/2024\/11\/foto-facebook_-1.png\",\"width\":1080,\"height\":1080,\"caption\":\"Poign\u00e9e de porte blanche\"},{\"@type\":\"BreadcrumbList\",\"@id\":\"https:\/\/staging.home3d.nl\/fr\/produit\/poignee-de-porte-en-bois\/#breadcrumb\",\"itemListElement\":[{\"@type\":\"ListItem\",\"position\":1,\"name\":\"Accueil\",\"item\":\"https:\/\/staging.home3d.nl\/fr\/\"},{\"@type\":\"ListItem\",\"position\":2,\"name\":\"Boutique\",\"item\":\"https:\/\/staging.home3d.nl\/fr\/boutique\/\"},{\"@type\":\"ListItem\",\"position\":3,\"name\":\"Poign\u00e9e de porte en bois\"}]},{\"@type\":\"WebSite\",\"@id\":\"https:\/\/staging.home3d.nl\/fr\/#website\",\"url\":\"https:\/\/staging.home3d.nl\/fr\/\",\"name\":\"Home3D.nl\",\"description\":\"\",\"publisher\":{\"@id\":\"https:\/\/staging.home3d.nl\/fr\/#organization\"},\"potentialAction\":[{\"@type\":\"SearchAction\",\"target\":{\"@type\":\"EntryPoint\",\"urlTemplate\":\"https:\/\/staging.home3d.nl\/fr\/?s={search_term_string}\"},\"query-input\":{\"@type\":\"PropertyValueSpecification\",\"valueRequired\":true,\"valueName\":\"search_term_string\"}}],\"inLanguage\":\"fr-FR\"},{\"@type\":\"Organization\",\"@id\":\"https:\/\/staging.home3d.nl\/fr\/#organization\",\"name\":\"Home3D.nl\",\"url\":\"https:\/\/staging.home3d.nl\/fr\/\",\"logo\":{\"@type\":\"ImageObject\",\"inLanguage\":\"fr-FR\",\"@id\":\"https:\/\/staging.home3d.nl\/fr\/#\/schema\/logo\/image\/\",\"url\":\"https:\/\/staging.home3d.nl\/wp-content\/uploads\/2023\/10\/Nieuw_logo_home_3d-1.png\",\"contentUrl\":\"https:\/\/staging.home3d.nl\/wp-content\/uploads\/2023\/10\/Nieuw_logo_home_3d-1.png\",\"width\":8880,\"height\":4000,\"caption\":\"Home3D.nl\"},\"image\":{\"@id\":\"https:\/\/staging.home3d.nl\/fr\/#\/schema\/logo\/image\/\"}}]}<\/script>\n<!-- \/ Yoast SEO plugin. -->","yoast_head_json":{"title":"Poign\u00e9es de Porte Modernes | 10 Couleurs | Home 3D Design","description":"Poign\u00e9es de porte Home 3D : Design n\u00e9erlandais unique en 10 couleurs. Qualit\u00e9 durable, prise en main parfaite et montage facile. Commandez les v\u00f4tres ici !","robots":{"index":"noindex","follow":"follow","max-snippet":"max-snippet:-1","max-image-preview":"max-image-preview:large","max-video-preview":"max-video-preview:-1"},"og_locale":"fr_FR","og_type":"article","og_title":"Poign\u00e9es de Porte Modernes | 10 Couleurs | Home 3D Design","og_description":"Poign\u00e9es de porte Home 3D : Design n\u00e9erlandais unique en 10 couleurs. Qualit\u00e9 durable, prise en main parfaite et montage facile. Commandez les v\u00f4tres ici !","og_url":"https:\/\/staging.home3d.nl\/fr\/produit\/poignee-de-porte-en-bois\/","og_site_name":"Home3D.nl","article_modified_time":"2026-04-12T01:24:51+00:00","og_image":[{"width":1080,"height":1080,"url":"https:\/\/staging.home3d.nl\/wp-content\/uploads\/2024\/11\/foto-facebook_-1.png","type":"image\/png"}],"twitter_card":"summary_large_image","twitter_misc":{"Dur\u00e9e de lecture estim\u00e9e":"2 minutes"},"schema":{"@context":"https:\/\/schema.org","@graph":[{"@type":"WebPage","@id":"https:\/\/staging.home3d.nl\/fr\/produit\/poignee-de-porte-en-bois\/","url":"https:\/\/staging.home3d.nl\/fr\/produit\/poignee-de-porte-en-bois\/","name":"Poign\u00e9es de Porte Modernes | 10 Couleurs | Home 3D Design","isPartOf":{"@id":"https:\/\/staging.home3d.nl\/fr\/#website"},"primaryImageOfPage":{"@id":"https:\/\/staging.home3d.nl\/fr\/produit\/poignee-de-porte-en-bois\/#primaryimage"},"image":{"@id":"https:\/\/staging.home3d.nl\/fr\/produit\/poignee-de-porte-en-bois\/#primaryimage"},"thumbnailUrl":"https:\/\/staging.home3d.nl\/wp-content\/uploads\/2024\/11\/foto-facebook_-1.png","datePublished":"2023-12-11T08:12:22+00:00","dateModified":"2026-04-12T01:24:51+00:00","description":"Poign\u00e9es de porte Home 3D : Design n\u00e9erlandais unique en 10 couleurs. Qualit\u00e9 durable, prise en main parfaite et montage facile. Commandez les v\u00f4tres ici !","breadcrumb":{"@id":"https:\/\/staging.home3d.nl\/fr\/produit\/poignee-de-porte-en-bois\/#breadcrumb"},"inLanguage":"fr-FR","potentialAction":[{"@type":"ReadAction","target":["https:\/\/staging.home3d.nl\/fr\/produit\/poignee-de-porte-en-bois\/"]}]},{"@type":"ImageObject","inLanguage":"fr-FR","@id":"https:\/\/staging.home3d.nl\/fr\/produit\/poignee-de-porte-en-bois\/#primaryimage","url":"https:\/\/staging.home3d.nl\/wp-content\/uploads\/2024\/11\/foto-facebook_-1.png","contentUrl":"https:\/\/staging.home3d.nl\/wp-content\/uploads\/2024\/11\/foto-facebook_-1.png","width":1080,"height":1080,"caption":"Poign\u00e9e de porte blanche"},{"@type":"BreadcrumbList","@id":"https:\/\/staging.home3d.nl\/fr\/produit\/poignee-de-porte-en-bois\/#breadcrumb","itemListElement":[{"@type":"ListItem","position":1,"name":"Accueil","item":"https:\/\/staging.home3d.nl\/fr\/"},{"@type":"ListItem","position":2,"name":"Boutique","item":"https:\/\/staging.home3d.nl\/fr\/boutique\/"},{"@type":"ListItem","position":3,"name":"Poign\u00e9e de porte en bois"}]},{"@type":"WebSite","@id":"https:\/\/staging.home3d.nl\/fr\/#website","url":"https:\/\/staging.home3d.nl\/fr\/","name":"Home3D.nl","description":"","publisher":{"@id":"https:\/\/staging.home3d.nl\/fr\/#organization"},"potentialAction":[{"@type":"SearchAction","target":{"@type":"EntryPoint","urlTemplate":"https:\/\/staging.home3d.nl\/fr\/?s={search_term_string}"},"query-input":{"@type":"PropertyValueSpecification","valueRequired":true,"valueName":"search_term_string"}}],"inLanguage":"fr-FR"},{"@type":"Organization","@id":"https:\/\/staging.home3d.nl\/fr\/#organization","name":"Home3D.nl","url":"https:\/\/staging.home3d.nl\/fr\/","logo":{"@type":"ImageObject","inLanguage":"fr-FR","@id":"https:\/\/staging.home3d.nl\/fr\/#\/schema\/logo\/image\/","url":"https:\/\/staging.home3d.nl\/wp-content\/uploads\/2023\/10\/Nieuw_logo_home_3d-1.png","contentUrl":"https:\/\/staging.home3d.nl\/wp-content\/uploads\/2023\/10\/Nieuw_logo_home_3d-1.png","width":8880,"height":4000,"caption":"Home3D.nl"},"image":{"@id":"https:\/\/staging.home3d.nl\/fr\/#\/schema\/logo\/image\/"}}]}},"_links":{"self":[{"href":"https:\/\/staging.home3d.nl\/fr\/wp-json\/wp\/v2\/product\/5498","targetHints":{"allow":["GET"]}}],"collection":[{"href":"https:\/\/staging.home3d.nl\/fr\/wp-json\/wp\/v2\/product"}],"about":[{"href":"https:\/\/staging.home3d.nl\/fr\/wp-json\/wp\/v2\/types\/product"}],"replies":[{"embeddable":true,"href":"https:\/\/staging.home3d.nl\/fr\/wp-json\/wp\/v2\/comments?post=5498"}],"version-history":[{"count":2,"href":"https:\/\/staging.home3d.nl\/fr\/wp-json\/wp\/v2\/product\/5498\/revisions"}],"predecessor-version":[{"id":7845,"href":"https:\/\/staging.home3d.nl\/fr\/wp-json\/wp\/v2\/product\/5498\/revisions\/7845"}],"wp:featuredmedia":[{"embeddable":true,"href":"https:\/\/staging.home3d.nl\/fr\/wp-json\/wp\/v2\/media\/6436"}],"wp:attachment":[{"href":"https:\/\/staging.home3d.nl\/fr\/wp-json\/wp\/v2\/media?parent=5498"}],"wp:term":[{"taxonomy":"product_brand","embeddable":true,"href":"https:\/\/staging.home3d.nl\/fr\/wp-json\/wp\/v2\/product_brand?post=5498"},{"taxonomy":"product_cat","embeddable":true,"href":"https:\/\/staging.home3d.nl\/fr\/wp-json\/wp\/v2\/product_cat?post=5498"},{"taxonomy":"product_tag","embeddable":true,"href":"https:\/\/staging.home3d.nl\/fr\/wp-json\/wp\/v2\/product_tag?post=5498"}],"curies":[{"name":"wp","href":"https:\/\/api.w.org\/{rel}","templated":true}]}}