{"id":5734,"date":"2023-10-16T09:06:07","date_gmt":"2023-10-16T08:06:07","guid":{"rendered":"https:\/\/staging.home3d.nl\/a-propos-de-nous\/"},"modified":"2026-02-05T15:27:19","modified_gmt":"2026-02-05T14:27:19","slug":"a-propos-de-nous","status":"publish","type":"page","link":"https:\/\/staging.home3d.nl\/fr\/a-propos-de-nous\/","title":{"rendered":"A propos de nous"},"content":{"rendered":"\t\t<div data-elementor-type=\"wp-page\" data-elementor-id=\"5734\" class=\"elementor elementor-5734 elementor-57\" data-elementor-post-type=\"page\">\n\t\t\t\t<div class=\"elementor-element elementor-element-260f6976 e-con-full e-flex e-con e-parent\" data-id=\"260f6976\" data-element_type=\"container\" data-e-type=\"container\">\n\t\t<div class=\"elementor-element elementor-element-4978b926 e-con-full elementor-hidden-mobile e-flex e-con e-child\" data-id=\"4978b926\" data-element_type=\"container\" data-e-type=\"container\" data-settings=\"{&quot;background_background&quot;:&quot;classic&quot;}\">\n\t\t\t\t<\/div>\n\t\t<div class=\"elementor-element elementor-element-5e66e41b e-con-full e-flex e-con e-child\" data-id=\"5e66e41b\" data-element_type=\"container\" data-e-type=\"container\" data-settings=\"{&quot;background_background&quot;:&quot;classic&quot;}\">\n\t\t\t\t<div class=\"elementor-element elementor-element-30d63716 elementor-cta--skin-classic elementor-animated-content elementor-bg-transform elementor-bg-transform-zoom-in elementor-widget elementor-widget-call-to-action\" data-id=\"30d63716\" data-element_type=\"widget\" data-e-type=\"widget\" data-widget_type=\"call-to-action.default\">\n\t\t\t\t\t\t\t<div class=\"elementor-cta\">\n\t\t\t\t\t\t\t<div class=\"elementor-cta__content\">\n\t\t\t\t\n\t\t\t\t\t\t\t\t\t<h1 class=\"elementor-cta__title elementor-cta__content-item elementor-content-item\">\n\t\t\t\t\t\tAccessoires de cuisine et de maison faits \u00e0 la main  \t\t\t\t\t<\/h1>\n\t\t\t\t\n\t\t\t\t\n\t\t\t\t\t\t\t<\/div>\n\t\t\t\t\t\t<\/div>\n\t\t\t\t\t\t<\/div>\n\t\t\t\t<\/div>\n\t\t\t\t<\/div>\n\t\t<div class=\"elementor-element elementor-element-f6b527b e-con-full e-flex e-con e-parent\" data-id=\"f6b527b\" data-element_type=\"container\" data-e-type=\"container\">\n\t\t<div class=\"elementor-element elementor-element-5b34a585 e-con-full e-flex e-con e-child\" data-id=\"5b34a585\" data-element_type=\"container\" data-e-type=\"container\">\n\t\t\t\t<div class=\"elementor-element elementor-element-24231f62 elementor-widget elementor-widget-heading\" data-id=\"24231f62\" data-element_type=\"widget\" data-e-type=\"widget\" data-widget_type=\"heading.default\">\n\t\t\t\t\t<h2 class=\"elementor-heading-title elementor-size-default\">A propos de nous  <\/h2>\t\t\t\t<\/div>\n\t\t\t\t<div class=\"elementor-element elementor-element-132a96f4 elementor-widget elementor-widget-text-editor\" data-id=\"132a96f4\" data-element_type=\"widget\" data-e-type=\"widget\" data-widget_type=\"text-editor.default\">\n\t\t\t\t\t\t\t\t\t<p>Bienvenue \u00e0 Home3D, o\u00f9 l&rsquo;impression 3D, l&rsquo;amiti\u00e9 et l&rsquo;artisanat se rencontrent. Kevin et John, deux amis partageant une m\u00eame passion, ont fond\u00e9 Home3D. Kevin, le d\u00e9veloppeur web, a cr\u00e9\u00e9 notre site web avec soin. Il est \u00e9galement le point de contact pour les clients et s&rsquo;efforce de les satisfaire \u00e0 100%. John, le cr\u00e9atif, apporte une touche unique de personnalit\u00e9 \u00e0 chaque design gr\u00e2ce \u00e0 ses comp\u00e9tences artisanales. John et Kevin ont le souci du d\u00e9tail et s&rsquo;efforcent ensemble d&rsquo;obtenir la meilleure qualit\u00e9 possible.     <\/p><p>Chez Home3D, nous mettons l&rsquo;accent sur la durabilit\u00e9 et la production locale. Chaque pi\u00e8ce est fabriqu\u00e9e avec amour aux Pays-Bas, en utilisant les avantages de l&rsquo;impression 3D pour cr\u00e9er des accessoires de maison personnalis\u00e9s. Nos produits racontent des histoires et laissent des impressions durables. D\u00e9couvrez le monde de l&rsquo;innovation, du style et de l&rsquo;amiti\u00e9 chez Home3D - o\u00f9 chaque produit est une \u0153uvre d&rsquo;art durable.   <\/p>\t\t\t\t\t\t\t\t<\/div>\n\t\t\t\t<div class=\"elementor-element elementor-element-68ee5ad elementor-mobile-align-justify elementor-widget-mobile__width-initial elementor-widget elementor-widget-button\" data-id=\"68ee5ad\" data-element_type=\"widget\" data-e-type=\"widget\" data-widget_type=\"button.default\">\n\t\t\t\t\t\t\t\t\t\t<a class=\"elementor-button elementor-button-link elementor-size-sm\" href=\"https:\/\/staging.home3d.nl\/fr\/boutique\/\">\n\t\t\t\t\t\t<span class=\"elementor-button-content-wrapper\">\n\t\t\t\t\t\t\t\t\t<span class=\"elementor-button-text\">Voir notre collection<\/span>\n\t\t\t\t\t<\/span>\n\t\t\t\t\t<\/a>\n\t\t\t\t\t\t\t\t<\/div>\n\t\t\t\t<\/div>\n\t\t<div class=\"elementor-element elementor-element-7a1e4c10 e-con-full e-flex e-con e-child\" data-id=\"7a1e4c10\" data-element_type=\"container\" data-e-type=\"container\" data-settings=\"{&quot;background_background&quot;:&quot;classic&quot;,&quot;background_motion_fx_motion_fx_scrolling&quot;:&quot;yes&quot;,&quot;background_motion_fx_scale_effect&quot;:&quot;yes&quot;,&quot;background_motion_fx_scale_direction&quot;:&quot;in-out&quot;,&quot;background_motion_fx_scale_range&quot;:{&quot;unit&quot;:&quot;%&quot;,&quot;size&quot;:&quot;&quot;,&quot;sizes&quot;:{&quot;start&quot;:0,&quot;end&quot;:50}},&quot;background_motion_fx_scale_speed&quot;:{&quot;unit&quot;:&quot;px&quot;,&quot;size&quot;:4,&quot;sizes&quot;:[]},&quot;background_motion_fx_devices&quot;:[&quot;desktop&quot;,&quot;tablet&quot;,&quot;mobile&quot;]}\">\n\t\t\t\t<\/div>\n\t\t\t\t<\/div>\n\t\t\t\t<\/div>\n\t\t","protected":false},"excerpt":{"rendered":"<p>Accessoires de cuisine et de maison faits \u00e0 la main A propos de nous Bienvenue \u00e0 Home3D, o\u00f9 l&rsquo;impression 3D, l&rsquo;amiti\u00e9 et l&rsquo;artisanat se rencontrent. Kevin et John, deux amis partageant une m\u00eame passion, ont fond\u00e9 Home3D. Kevin, le d\u00e9veloppeur web, a cr\u00e9\u00e9 notre site web avec soin. Il est \u00e9galement le point de contact [&hellip;]<\/p>\n","protected":false},"author":2,"featured_media":0,"parent":0,"menu_order":0,"comment_status":"closed","ping_status":"closed","template":"elementor_header_footer","meta":{"_acf_changed":false,"inline_featured_image":false,"footnotes":""},"class_list":["post-5734","page","type-page","status-publish","hentry"],"acf":[],"yoast_head":"<!-- This site is optimized with the Yoast SEO plugin v26.9 - https:\/\/yoast.com\/product\/yoast-seo-wordpress\/ -->\n<title>A propos de nous | Home3D.co.uk<\/title>\n<meta name=\"description\" content=\"Bienvenue \u00e0 Home3D, o\u00f9 l&#039;impression 3D, l&#039;amiti\u00e9 et l&#039;artisanat se rencontrent. Kevin et John, deux amis partageant une m\u00eame passion, ont fond\u00e9 Home3D.\" \/>\n<meta name=\"robots\" content=\"noindex, follow, max-snippet:-1, max-image-preview:large, max-video-preview:-1\" \/>\n<meta property=\"og:locale\" content=\"fr_FR\" \/>\n<meta property=\"og:type\" content=\"article\" \/>\n<meta property=\"og:title\" content=\"A propos de nous | Home3D.co.uk\" \/>\n<meta property=\"og:description\" content=\"Bienvenue \u00e0 Home3D, o\u00f9 l&#039;impression 3D, l&#039;amiti\u00e9 et l&#039;artisanat se rencontrent. Kevin et John, deux amis partageant une m\u00eame passion, ont fond\u00e9 Home3D.\" \/>\n<meta property=\"og:url\" content=\"https:\/\/staging.home3d.nl\/fr\/a-propos-de-nous\/\" \/>\n<meta property=\"og:site_name\" content=\"Home3D.nl\" \/>\n<meta property=\"article:modified_time\" content=\"2026-02-05T14:27:19+00:00\" \/>\n<meta property=\"og:image\" content=\"https:\/\/staging.home3d.nl\/wp-content\/uploads\/2025\/06\/IMG_3454.jpeg\" \/>\n\t<meta property=\"og:image:width\" content=\"2048\" \/>\n\t<meta property=\"og:image:height\" content=\"1536\" \/>\n\t<meta property=\"og:image:type\" content=\"image\/jpeg\" \/>\n<meta name=\"twitter:card\" content=\"summary_large_image\" \/>\n<meta name=\"twitter:label1\" content=\"Dur\u00e9e de lecture estim\u00e9e\" \/>\n\t<meta name=\"twitter:data1\" content=\"1 minute\" \/>\n<script type=\"application\/ld+json\" class=\"yoast-schema-graph\">{\"@context\":\"https:\/\/schema.org\",\"@graph\":[{\"@type\":\"WebPage\",\"@id\":\"https:\/\/staging.home3d.nl\/fr\/a-propos-de-nous\/\",\"url\":\"https:\/\/staging.home3d.nl\/fr\/a-propos-de-nous\/\",\"name\":\"A propos de nous | Home3D.co.uk\",\"isPartOf\":{\"@id\":\"https:\/\/staging.home3d.nl\/fr\/#website\"},\"datePublished\":\"2023-10-16T08:06:07+00:00\",\"dateModified\":\"2026-02-05T14:27:19+00:00\",\"description\":\"Bienvenue \u00e0 Home3D, o\u00f9 l'impression 3D, l'amiti\u00e9 et l'artisanat se rencontrent. Kevin et John, deux amis partageant une m\u00eame passion, ont fond\u00e9 Home3D.\",\"breadcrumb\":{\"@id\":\"https:\/\/staging.home3d.nl\/fr\/a-propos-de-nous\/#breadcrumb\"},\"inLanguage\":\"fr-FR\",\"potentialAction\":[{\"@type\":\"ReadAction\",\"target\":[\"https:\/\/staging.home3d.nl\/fr\/a-propos-de-nous\/\"]}]},{\"@type\":\"BreadcrumbList\",\"@id\":\"https:\/\/staging.home3d.nl\/fr\/a-propos-de-nous\/#breadcrumb\",\"itemListElement\":[{\"@type\":\"ListItem\",\"position\":1,\"name\":\"Accueil\",\"item\":\"https:\/\/staging.home3d.nl\/fr\/\"},{\"@type\":\"ListItem\",\"position\":2,\"name\":\"A propos de nous\"}]},{\"@type\":\"WebSite\",\"@id\":\"https:\/\/staging.home3d.nl\/fr\/#website\",\"url\":\"https:\/\/staging.home3d.nl\/fr\/\",\"name\":\"Home3D.nl\",\"description\":\"\",\"publisher\":{\"@id\":\"https:\/\/staging.home3d.nl\/fr\/#organization\"},\"potentialAction\":[{\"@type\":\"SearchAction\",\"target\":{\"@type\":\"EntryPoint\",\"urlTemplate\":\"https:\/\/staging.home3d.nl\/fr\/?s={search_term_string}\"},\"query-input\":{\"@type\":\"PropertyValueSpecification\",\"valueRequired\":true,\"valueName\":\"search_term_string\"}}],\"inLanguage\":\"fr-FR\"},{\"@type\":\"Organization\",\"@id\":\"https:\/\/staging.home3d.nl\/fr\/#organization\",\"name\":\"Home3D.nl\",\"url\":\"https:\/\/staging.home3d.nl\/fr\/\",\"logo\":{\"@type\":\"ImageObject\",\"inLanguage\":\"fr-FR\",\"@id\":\"https:\/\/staging.home3d.nl\/fr\/#\/schema\/logo\/image\/\",\"url\":\"https:\/\/staging.home3d.nl\/wp-content\/uploads\/2023\/10\/Nieuw_logo_home_3d-1.png\",\"contentUrl\":\"https:\/\/staging.home3d.nl\/wp-content\/uploads\/2023\/10\/Nieuw_logo_home_3d-1.png\",\"width\":8880,\"height\":4000,\"caption\":\"Home3D.nl\"},\"image\":{\"@id\":\"https:\/\/staging.home3d.nl\/fr\/#\/schema\/logo\/image\/\"}}]}<\/script>\n<!-- \/ Yoast SEO plugin. -->","yoast_head_json":{"title":"A propos de nous | Home3D.co.uk","description":"Bienvenue \u00e0 Home3D, o\u00f9 l'impression 3D, l'amiti\u00e9 et l'artisanat se rencontrent. Kevin et John, deux amis partageant une m\u00eame passion, ont fond\u00e9 Home3D.","robots":{"index":"noindex","follow":"follow","max-snippet":"max-snippet:-1","max-image-preview":"max-image-preview:large","max-video-preview":"max-video-preview:-1"},"og_locale":"fr_FR","og_type":"article","og_title":"A propos de nous | Home3D.co.uk","og_description":"Bienvenue \u00e0 Home3D, o\u00f9 l'impression 3D, l'amiti\u00e9 et l'artisanat se rencontrent. Kevin et John, deux amis partageant une m\u00eame passion, ont fond\u00e9 Home3D.","og_url":"https:\/\/staging.home3d.nl\/fr\/a-propos-de-nous\/","og_site_name":"Home3D.nl","article_modified_time":"2026-02-05T14:27:19+00:00","og_image":[{"width":2048,"height":1536,"url":"https:\/\/staging.home3d.nl\/wp-content\/uploads\/2025\/06\/IMG_3454.jpeg","type":"image\/jpeg"}],"twitter_card":"summary_large_image","twitter_misc":{"Dur\u00e9e de lecture estim\u00e9e":"1 minute"},"schema":{"@context":"https:\/\/schema.org","@graph":[{"@type":"WebPage","@id":"https:\/\/staging.home3d.nl\/fr\/a-propos-de-nous\/","url":"https:\/\/staging.home3d.nl\/fr\/a-propos-de-nous\/","name":"A propos de nous | Home3D.co.uk","isPartOf":{"@id":"https:\/\/staging.home3d.nl\/fr\/#website"},"datePublished":"2023-10-16T08:06:07+00:00","dateModified":"2026-02-05T14:27:19+00:00","description":"Bienvenue \u00e0 Home3D, o\u00f9 l'impression 3D, l'amiti\u00e9 et l'artisanat se rencontrent. Kevin et John, deux amis partageant une m\u00eame passion, ont fond\u00e9 Home3D.","breadcrumb":{"@id":"https:\/\/staging.home3d.nl\/fr\/a-propos-de-nous\/#breadcrumb"},"inLanguage":"fr-FR","potentialAction":[{"@type":"ReadAction","target":["https:\/\/staging.home3d.nl\/fr\/a-propos-de-nous\/"]}]},{"@type":"BreadcrumbList","@id":"https:\/\/staging.home3d.nl\/fr\/a-propos-de-nous\/#breadcrumb","itemListElement":[{"@type":"ListItem","position":1,"name":"Accueil","item":"https:\/\/staging.home3d.nl\/fr\/"},{"@type":"ListItem","position":2,"name":"A propos de nous"}]},{"@type":"WebSite","@id":"https:\/\/staging.home3d.nl\/fr\/#website","url":"https:\/\/staging.home3d.nl\/fr\/","name":"Home3D.nl","description":"","publisher":{"@id":"https:\/\/staging.home3d.nl\/fr\/#organization"},"potentialAction":[{"@type":"SearchAction","target":{"@type":"EntryPoint","urlTemplate":"https:\/\/staging.home3d.nl\/fr\/?s={search_term_string}"},"query-input":{"@type":"PropertyValueSpecification","valueRequired":true,"valueName":"search_term_string"}}],"inLanguage":"fr-FR"},{"@type":"Organization","@id":"https:\/\/staging.home3d.nl\/fr\/#organization","name":"Home3D.nl","url":"https:\/\/staging.home3d.nl\/fr\/","logo":{"@type":"ImageObject","inLanguage":"fr-FR","@id":"https:\/\/staging.home3d.nl\/fr\/#\/schema\/logo\/image\/","url":"https:\/\/staging.home3d.nl\/wp-content\/uploads\/2023\/10\/Nieuw_logo_home_3d-1.png","contentUrl":"https:\/\/staging.home3d.nl\/wp-content\/uploads\/2023\/10\/Nieuw_logo_home_3d-1.png","width":8880,"height":4000,"caption":"Home3D.nl"},"image":{"@id":"https:\/\/staging.home3d.nl\/fr\/#\/schema\/logo\/image\/"}}]}},"_links":{"self":[{"href":"https:\/\/staging.home3d.nl\/fr\/wp-json\/wp\/v2\/pages\/5734","targetHints":{"allow":["GET"]}}],"collection":[{"href":"https:\/\/staging.home3d.nl\/fr\/wp-json\/wp\/v2\/pages"}],"about":[{"href":"https:\/\/staging.home3d.nl\/fr\/wp-json\/wp\/v2\/types\/page"}],"author":[{"embeddable":true,"href":"https:\/\/staging.home3d.nl\/fr\/wp-json\/wp\/v2\/users\/2"}],"replies":[{"embeddable":true,"href":"https:\/\/staging.home3d.nl\/fr\/wp-json\/wp\/v2\/comments?post=5734"}],"version-history":[{"count":0,"href":"https:\/\/staging.home3d.nl\/fr\/wp-json\/wp\/v2\/pages\/5734\/revisions"}],"wp:attachment":[{"href":"https:\/\/staging.home3d.nl\/fr\/wp-json\/wp\/v2\/media?parent=5734"}],"curies":[{"name":"wp","href":"https:\/\/api.w.org\/{rel}","templated":true}]}}