{"id":5609,"date":"2025-09-08T10:56:41","date_gmt":"2025-09-08T09:56:41","guid":{"rendered":"https:\/\/staging.home3d.nl\/product\/home-3d-kuechenrollenhalter-premium\/"},"modified":"2026-02-27T12:05:57","modified_gmt":"2026-02-27T11:05:57","slug":"home-3d-kuechenrollenhalter-premium","status":"publish","type":"product","link":"https:\/\/staging.home3d.nl\/de\/produkt\/home-3d-kuechenrollenhalter-premium\/","title":{"rendered":"Home 3D K\u00fcchenrollenhalter Premium"},"content":{"rendered":"<h3 data-path-to-node=\"3\">Produktbeschreibung: Home 3D K\u00fcchenrollenhalter<\/h3>\n<p data-path-to-node=\"4\">Der Home 3D K\u00fcchenrollenhalter passt zu jedem Interieur und ist eine moderne sowie stilvolle Erg\u00e4nzung f\u00fcr jede K\u00fcche. Von uns selbst entworfen und handgefertigt, steht dieses Accessoire f\u00fcr h\u00f6chste Qualit\u00e4t und Langlebigkeit. Die Kombination aus edlem Buchenholz und innovativer 3D-Drucktechnologie verleiht dem Produkt eine moderne und zugleich warme Ausstrahlung. Dieser St\u00e4nder steht stabil und ist jederzeit griffbereit. Dank der verschiedenen verf\u00fcgbaren Farben l\u00e4sst sich dieser praktische Helfer perfekt mit jeder K\u00fcche oder Tischdekoration kombinieren.<\/p>\n<p data-path-to-node=\"5\"><b data-path-to-node=\"5\" data-index-in-node=\"0\">Warum sollten Sie sich f\u00fcr den Home 3D <\/b><strong>K\u00fcchenrollenhalter<\/strong> <b data-path-to-node=\"5\" data-index-in-node=\"0\">Premium entscheiden?<\/b><\/p>\n<ul data-path-to-node=\"6\">\n<li>\n<p data-path-to-node=\"6,0,0\"><b data-path-to-node=\"6,0,0\" data-index-in-node=\"0\">Langlebigkeit:<\/b> Durch die Verwendung hochwertiger Materialien wie Holz und robuster 3D-Druckelemente ist dieses Modell besonders langlebig \u2013 eine Investition f\u00fcr die Zukunft.<\/p>\n<\/li>\n<li>\n<p data-path-to-node=\"6,1,0\"><b data-path-to-node=\"6,1,0\" data-index-in-node=\"0\">Handwerkliche Qualit\u00e4t:<\/b> Der Halter wird in Handarbeit gefertigt, was echtes Fachwissen und Handwerkskunst ausstrahlt \u2013 ein authentisches Element f\u00fcr Ihr Zuhause.<\/p>\n<\/li>\n<li>\n<p data-path-to-node=\"6,2,0\"><b data-path-to-node=\"6,2,0\" data-index-in-node=\"0\">Platzsparend:<\/b> Dank des kompakten Designs nimmt dieses Objekt nur minimalen Platz ein, sodass Ihnen mehr Arbeitsfl\u00e4che zur Verf\u00fcgung steht.<\/p>\n<\/li>\n<li>\n<p data-path-to-node=\"6,3,0\"><b data-path-to-node=\"6,3,0\" data-index-in-node=\"0\">Vielfalt:<\/b> Unsere Auswahl ist in verschiedenen Farben erh\u00e4ltlich und passt somit ideal zu unterschiedlichen Haushalten und Bed\u00fcrfnissen.<\/p>\n<\/li>\n<li>\n<p data-path-to-node=\"6,4,0\"><b data-path-to-node=\"6,4,0\" data-index-in-node=\"0\">Leichte Reinigung:<\/b> Die glatten Oberfl\u00e4chen der 3D-Druckteile und das Naturholz erm\u00f6glichen eine einfache Reinigung und Pflege.<\/p>\n<\/li>\n<\/ul>\n<p data-path-to-node=\"7\">Dieser Home 3D K\u00fcchenrollenhalter wurde in den Niederlanden entworfen sowie hergestellt und ist eine Bereicherung f\u00fcr jede Einrichtung.<\/p>\n","protected":false},"excerpt":{"rendered":"<h3 data-path-to-node=\"3\">Produktbeschreibung: Home 3D K\u00fcchenrollenhalter<\/h3>\n<p data-path-to-node=\"4\">Der Home 3D K\u00fcchenrollenhalter passt zu jedem Interieur und ist eine moderne sowie stilvolle Erg\u00e4nzung f\u00fcr jede K\u00fcche. Von uns selbst entworfen und handgefertigt, steht dieses Accessoire f\u00fcr h\u00f6chste Qualit\u00e4t und Langlebigkeit. Die Kombination aus edlem Buchenholz und innovativer 3D-Drucktechnologie verleiht dem Produkt eine moderne und zugleich warme Ausstrahlung. Dieser St\u00e4nder steht stabil und ist jederzeit griffbereit. Dank der verschiedenen verf\u00fcgbaren Farben l\u00e4sst sich dieser praktische Helfer perfekt mit jeder K\u00fcche oder Tischdekoration kombinieren.<\/p>\n<p data-path-to-node=\"5\"><b data-path-to-node=\"5\" data-index-in-node=\"0\">Warum sollten Sie sich f\u00fcr den Home 3D <\/b><strong>K\u00fcchenrollenhalter<\/strong> <b data-path-to-node=\"5\" data-index-in-node=\"0\">Premium entscheiden?<\/b><\/p>\n<ul data-path-to-node=\"6\">\n<li>\n<p data-path-to-node=\"6,0,0\"><b data-path-to-node=\"6,0,0\" data-index-in-node=\"0\">Langlebigkeit:<\/b> Durch die Verwendung hochwertiger Materialien wie Holz und robuster 3D-Druckelemente ist dieses Modell besonders langlebig \u2013 eine Investition f\u00fcr die Zukunft.<\/p>\n<\/li>\n<li>\n<p data-path-to-node=\"6,1,0\"><b data-path-to-node=\"6,1,0\" data-index-in-node=\"0\">Handwerkliche Qualit\u00e4t:<\/b> Der Halter wird in Handarbeit gefertigt, was echtes Fachwissen und Handwerkskunst ausstrahlt \u2013 ein authentisches Element f\u00fcr Ihr Zuhause.<\/p>\n<\/li>\n<li>\n<p data-path-to-node=\"6,2,0\"><b data-path-to-node=\"6,2,0\" data-index-in-node=\"0\">Platzsparend:<\/b> Dank des kompakten Designs nimmt dieses Objekt nur minimalen Platz ein, sodass Ihnen mehr Arbeitsfl\u00e4che zur Verf\u00fcgung steht.<\/p>\n<\/li>\n<li>\n<p data-path-to-node=\"6,3,0\"><b data-path-to-node=\"6,3,0\" data-index-in-node=\"0\">Vielfalt:<\/b> Unsere Auswahl ist in verschiedenen Farben erh\u00e4ltlich und passt somit ideal zu unterschiedlichen Haushalten und Bed\u00fcrfnissen.<\/p>\n<\/li>\n<li>\n<p data-path-to-node=\"6,4,0\"><b data-path-to-node=\"6,4,0\" data-index-in-node=\"0\">Leichte Reinigung:<\/b> Die glatten Oberfl\u00e4chen der 3D-Druckteile und das Naturholz erm\u00f6glichen eine einfache Reinigung und Pflege.<\/p>\n<\/li>\n<\/ul>\n<p data-path-to-node=\"7\">Dieser Home 3D K\u00fcchenrollenhalter wurde in den Niederlanden entworfen sowie hergestellt und ist eine Bereicherung f\u00fcr jede Einrichtung.<\/p>\n","protected":false},"featured_media":6482,"comment_status":"open","ping_status":"closed","template":"","meta":{"_acf_changed":false,"inline_featured_image":false},"product_brand":[],"product_cat":[159],"product_tag":[160],"class_list":{"0":"post-5609","1":"product","2":"type-product","3":"status-publish","4":"has-post-thumbnail","6":"product_cat-kuchenrollenhalter","7":"product_tag-kuchenrollenhalter-premium","8":"product_shipping_class-paket","10":"first","11":"instock","12":"taxable","13":"shipping-taxable","14":"purchasable","15":"product-type-variable"},"acf":[],"yoast_head":"<!-- This site is optimized with the Yoast SEO plugin v26.9 - https:\/\/yoast.com\/product\/yoast-seo-wordpress\/ -->\n<title>K\u00fcchenrollenhalter Premium | Modernes Design | Home 3D<\/title>\n<meta name=\"description\" content=\"Der Home 3D Kitchen Rollenhalter wird in den Niederlanden hergestellt und entworfen, ist in verschiedenen Farben erh\u00e4ltlich und wird schnell geliefert! Innerhalb weniger Tage im Haus.\" \/>\n<meta name=\"robots\" content=\"noindex, follow, max-snippet:-1, max-image-preview:large, max-video-preview:-1\" \/>\n<meta property=\"og:locale\" content=\"de_DE\" \/>\n<meta property=\"og:type\" content=\"article\" \/>\n<meta property=\"og:title\" content=\"K\u00fcchenrollenhalter Premium | Modernes Design | Home 3D\" \/>\n<meta property=\"og:description\" content=\"Der Home 3D Kitchen Rollenhalter wird in den Niederlanden hergestellt und entworfen, ist in verschiedenen Farben erh\u00e4ltlich und wird schnell geliefert! Innerhalb weniger Tage im Haus.\" \/>\n<meta property=\"og:url\" content=\"https:\/\/staging.home3d.nl\/de\/produkt\/home-3d-kuechenrollenhalter-premium\/\" \/>\n<meta property=\"og:site_name\" content=\"Home3D.nl\" \/>\n<meta property=\"article:modified_time\" content=\"2026-02-27T11:05:57+00:00\" \/>\n<meta property=\"og:image\" content=\"https:\/\/staging.home3d.nl\/wp-content\/uploads\/2024\/10\/IMG_9927.jpeg\" \/>\n\t<meta property=\"og:image:width\" content=\"2048\" \/>\n\t<meta property=\"og:image:height\" content=\"1536\" \/>\n\t<meta property=\"og:image:type\" content=\"image\/jpeg\" \/>\n<meta name=\"twitter:card\" content=\"summary_large_image\" \/>\n<meta name=\"twitter:label1\" content=\"Gesch\u00e4tzte Lesezeit\" \/>\n\t<meta name=\"twitter:data1\" content=\"2\u00a0Minuten\" \/>\n<script type=\"application\/ld+json\" class=\"yoast-schema-graph\">{\"@context\":\"https:\/\/schema.org\",\"@graph\":[{\"@type\":\"WebPage\",\"@id\":\"https:\/\/staging.home3d.nl\/de\/produkt\/home-3d-kuechenrollenhalter-premium\/\",\"url\":\"https:\/\/staging.home3d.nl\/de\/produkt\/home-3d-kuechenrollenhalter-premium\/\",\"name\":\"K\u00fcchenrollenhalter Premium | Modernes Design | Home 3D\",\"isPartOf\":{\"@id\":\"https:\/\/staging.home3d.nl\/de\/#website\"},\"primaryImageOfPage\":{\"@id\":\"https:\/\/staging.home3d.nl\/de\/produkt\/home-3d-kuechenrollenhalter-premium\/#primaryimage\"},\"image\":{\"@id\":\"https:\/\/staging.home3d.nl\/de\/produkt\/home-3d-kuechenrollenhalter-premium\/#primaryimage\"},\"thumbnailUrl\":\"https:\/\/staging.home3d.nl\/wp-content\/uploads\/2024\/10\/IMG_9927.jpeg\",\"datePublished\":\"2025-09-08T09:56:41+00:00\",\"dateModified\":\"2026-02-27T11:05:57+00:00\",\"description\":\"Der Home 3D Kitchen Rollenhalter wird in den Niederlanden hergestellt und entworfen, ist in verschiedenen Farben erh\u00e4ltlich und wird schnell geliefert! Innerhalb weniger Tage im Haus.\",\"breadcrumb\":{\"@id\":\"https:\/\/staging.home3d.nl\/de\/produkt\/home-3d-kuechenrollenhalter-premium\/#breadcrumb\"},\"inLanguage\":\"de\",\"potentialAction\":[{\"@type\":\"ReadAction\",\"target\":[\"https:\/\/staging.home3d.nl\/de\/produkt\/home-3d-kuechenrollenhalter-premium\/\"]}]},{\"@type\":\"ImageObject\",\"inLanguage\":\"de\",\"@id\":\"https:\/\/staging.home3d.nl\/de\/produkt\/home-3d-kuechenrollenhalter-premium\/#primaryimage\",\"url\":\"https:\/\/staging.home3d.nl\/wp-content\/uploads\/2024\/10\/IMG_9927.jpeg\",\"contentUrl\":\"https:\/\/staging.home3d.nl\/wp-content\/uploads\/2024\/10\/IMG_9927.jpeg\",\"width\":2048,\"height\":1536,\"caption\":\"Home 3D Keukenrolhouder Premium\"},{\"@type\":\"BreadcrumbList\",\"@id\":\"https:\/\/staging.home3d.nl\/de\/produkt\/home-3d-kuechenrollenhalter-premium\/#breadcrumb\",\"itemListElement\":[{\"@type\":\"ListItem\",\"position\":1,\"name\":\"Startseite\",\"item\":\"https:\/\/staging.home3d.nl\/de\/\"},{\"@type\":\"ListItem\",\"position\":2,\"name\":\"Shop\",\"item\":\"https:\/\/staging.home3d.nl\/de\/shop\/\"},{\"@type\":\"ListItem\",\"position\":3,\"name\":\"Home 3D K\u00fcchenrollenhalter Premium\"}]},{\"@type\":\"WebSite\",\"@id\":\"https:\/\/staging.home3d.nl\/de\/#website\",\"url\":\"https:\/\/staging.home3d.nl\/de\/\",\"name\":\"Home3D.nl\",\"description\":\"\",\"publisher\":{\"@id\":\"https:\/\/staging.home3d.nl\/de\/#organization\"},\"potentialAction\":[{\"@type\":\"SearchAction\",\"target\":{\"@type\":\"EntryPoint\",\"urlTemplate\":\"https:\/\/staging.home3d.nl\/de\/?s={search_term_string}\"},\"query-input\":{\"@type\":\"PropertyValueSpecification\",\"valueRequired\":true,\"valueName\":\"search_term_string\"}}],\"inLanguage\":\"de\"},{\"@type\":\"Organization\",\"@id\":\"https:\/\/staging.home3d.nl\/de\/#organization\",\"name\":\"Home3D.nl\",\"url\":\"https:\/\/staging.home3d.nl\/de\/\",\"logo\":{\"@type\":\"ImageObject\",\"inLanguage\":\"de\",\"@id\":\"https:\/\/staging.home3d.nl\/de\/#\/schema\/logo\/image\/\",\"url\":\"https:\/\/staging.home3d.nl\/wp-content\/uploads\/2023\/10\/Nieuw_logo_home_3d-1.png\",\"contentUrl\":\"https:\/\/staging.home3d.nl\/wp-content\/uploads\/2023\/10\/Nieuw_logo_home_3d-1.png\",\"width\":8880,\"height\":4000,\"caption\":\"Home3D.nl\"},\"image\":{\"@id\":\"https:\/\/staging.home3d.nl\/de\/#\/schema\/logo\/image\/\"}}]}<\/script>\n<!-- \/ Yoast SEO plugin. -->","yoast_head_json":{"title":"K\u00fcchenrollenhalter Premium | Modernes Design | Home 3D","description":"Der Home 3D Kitchen Rollenhalter wird in den Niederlanden hergestellt und entworfen, ist in verschiedenen Farben erh\u00e4ltlich und wird schnell geliefert! Innerhalb weniger Tage im Haus.","robots":{"index":"noindex","follow":"follow","max-snippet":"max-snippet:-1","max-image-preview":"max-image-preview:large","max-video-preview":"max-video-preview:-1"},"og_locale":"de_DE","og_type":"article","og_title":"K\u00fcchenrollenhalter Premium | Modernes Design | Home 3D","og_description":"Der Home 3D Kitchen Rollenhalter wird in den Niederlanden hergestellt und entworfen, ist in verschiedenen Farben erh\u00e4ltlich und wird schnell geliefert! Innerhalb weniger Tage im Haus.","og_url":"https:\/\/staging.home3d.nl\/de\/produkt\/home-3d-kuechenrollenhalter-premium\/","og_site_name":"Home3D.nl","article_modified_time":"2026-02-27T11:05:57+00:00","og_image":[{"width":2048,"height":1536,"url":"https:\/\/staging.home3d.nl\/wp-content\/uploads\/2024\/10\/IMG_9927.jpeg","type":"image\/jpeg"}],"twitter_card":"summary_large_image","twitter_misc":{"Gesch\u00e4tzte Lesezeit":"2\u00a0Minuten"},"schema":{"@context":"https:\/\/schema.org","@graph":[{"@type":"WebPage","@id":"https:\/\/staging.home3d.nl\/de\/produkt\/home-3d-kuechenrollenhalter-premium\/","url":"https:\/\/staging.home3d.nl\/de\/produkt\/home-3d-kuechenrollenhalter-premium\/","name":"K\u00fcchenrollenhalter Premium | Modernes Design | Home 3D","isPartOf":{"@id":"https:\/\/staging.home3d.nl\/de\/#website"},"primaryImageOfPage":{"@id":"https:\/\/staging.home3d.nl\/de\/produkt\/home-3d-kuechenrollenhalter-premium\/#primaryimage"},"image":{"@id":"https:\/\/staging.home3d.nl\/de\/produkt\/home-3d-kuechenrollenhalter-premium\/#primaryimage"},"thumbnailUrl":"https:\/\/staging.home3d.nl\/wp-content\/uploads\/2024\/10\/IMG_9927.jpeg","datePublished":"2025-09-08T09:56:41+00:00","dateModified":"2026-02-27T11:05:57+00:00","description":"Der Home 3D Kitchen Rollenhalter wird in den Niederlanden hergestellt und entworfen, ist in verschiedenen Farben erh\u00e4ltlich und wird schnell geliefert! Innerhalb weniger Tage im Haus.","breadcrumb":{"@id":"https:\/\/staging.home3d.nl\/de\/produkt\/home-3d-kuechenrollenhalter-premium\/#breadcrumb"},"inLanguage":"de","potentialAction":[{"@type":"ReadAction","target":["https:\/\/staging.home3d.nl\/de\/produkt\/home-3d-kuechenrollenhalter-premium\/"]}]},{"@type":"ImageObject","inLanguage":"de","@id":"https:\/\/staging.home3d.nl\/de\/produkt\/home-3d-kuechenrollenhalter-premium\/#primaryimage","url":"https:\/\/staging.home3d.nl\/wp-content\/uploads\/2024\/10\/IMG_9927.jpeg","contentUrl":"https:\/\/staging.home3d.nl\/wp-content\/uploads\/2024\/10\/IMG_9927.jpeg","width":2048,"height":1536,"caption":"Home 3D Keukenrolhouder Premium"},{"@type":"BreadcrumbList","@id":"https:\/\/staging.home3d.nl\/de\/produkt\/home-3d-kuechenrollenhalter-premium\/#breadcrumb","itemListElement":[{"@type":"ListItem","position":1,"name":"Startseite","item":"https:\/\/staging.home3d.nl\/de\/"},{"@type":"ListItem","position":2,"name":"Shop","item":"https:\/\/staging.home3d.nl\/de\/shop\/"},{"@type":"ListItem","position":3,"name":"Home 3D K\u00fcchenrollenhalter Premium"}]},{"@type":"WebSite","@id":"https:\/\/staging.home3d.nl\/de\/#website","url":"https:\/\/staging.home3d.nl\/de\/","name":"Home3D.nl","description":"","publisher":{"@id":"https:\/\/staging.home3d.nl\/de\/#organization"},"potentialAction":[{"@type":"SearchAction","target":{"@type":"EntryPoint","urlTemplate":"https:\/\/staging.home3d.nl\/de\/?s={search_term_string}"},"query-input":{"@type":"PropertyValueSpecification","valueRequired":true,"valueName":"search_term_string"}}],"inLanguage":"de"},{"@type":"Organization","@id":"https:\/\/staging.home3d.nl\/de\/#organization","name":"Home3D.nl","url":"https:\/\/staging.home3d.nl\/de\/","logo":{"@type":"ImageObject","inLanguage":"de","@id":"https:\/\/staging.home3d.nl\/de\/#\/schema\/logo\/image\/","url":"https:\/\/staging.home3d.nl\/wp-content\/uploads\/2023\/10\/Nieuw_logo_home_3d-1.png","contentUrl":"https:\/\/staging.home3d.nl\/wp-content\/uploads\/2023\/10\/Nieuw_logo_home_3d-1.png","width":8880,"height":4000,"caption":"Home3D.nl"},"image":{"@id":"https:\/\/staging.home3d.nl\/de\/#\/schema\/logo\/image\/"}}]}},"_links":{"self":[{"href":"https:\/\/staging.home3d.nl\/de\/wp-json\/wp\/v2\/product\/5609","targetHints":{"allow":["GET"]}}],"collection":[{"href":"https:\/\/staging.home3d.nl\/de\/wp-json\/wp\/v2\/product"}],"about":[{"href":"https:\/\/staging.home3d.nl\/de\/wp-json\/wp\/v2\/types\/product"}],"replies":[{"embeddable":true,"href":"https:\/\/staging.home3d.nl\/de\/wp-json\/wp\/v2\/comments?post=5609"}],"version-history":[{"count":2,"href":"https:\/\/staging.home3d.nl\/de\/wp-json\/wp\/v2\/product\/5609\/revisions"}],"predecessor-version":[{"id":7789,"href":"https:\/\/staging.home3d.nl\/de\/wp-json\/wp\/v2\/product\/5609\/revisions\/7789"}],"wp:featuredmedia":[{"embeddable":true,"href":"https:\/\/staging.home3d.nl\/de\/wp-json\/wp\/v2\/media\/6482"}],"wp:attachment":[{"href":"https:\/\/staging.home3d.nl\/de\/wp-json\/wp\/v2\/media?parent=5609"}],"wp:term":[{"taxonomy":"product_brand","embeddable":true,"href":"https:\/\/staging.home3d.nl\/de\/wp-json\/wp\/v2\/product_brand?post=5609"},{"taxonomy":"product_cat","embeddable":true,"href":"https:\/\/staging.home3d.nl\/de\/wp-json\/wp\/v2\/product_cat?post=5609"},{"taxonomy":"product_tag","embeddable":true,"href":"https:\/\/staging.home3d.nl\/de\/wp-json\/wp\/v2\/product_tag?post=5609"}],"curies":[{"name":"wp","href":"https:\/\/api.w.org\/{rel}","templated":true}]}}