{"id":5460,"date":"2023-12-11T08:12:22","date_gmt":"2023-12-11T08:12:22","guid":{"rendered":"https:\/\/staging.home3d.nl\/product\/wood-handle-tuergriff\/"},"modified":"2026-04-12T02:24:51","modified_gmt":"2026-04-12T01:24:51","slug":"wood-handle-tuergriff","status":"publish","type":"product","link":"https:\/\/staging.home3d.nl\/de\/produkt\/wood-handle-tuergriff\/","title":{"rendered":"Wood Handle T\u00fcrgriffe"},"content":{"rendered":"<h2 data-path-to-node=\"7\">Werten Sie Ihr Interieur mit modernen T\u00fcrgriffen auf<\/h2>\n<p data-path-to-node=\"8\">Suchen Sie nach einer einzigartigen M\u00f6glichkeit, Ihre T\u00fcren zu versch\u00f6nern? Unsere T\u00fcrgriffe bieten die perfekte Kombination aus modernem Design und hochwertiger Handwerkskunst. Da wir jeden T\u00fcrgriff in den Niederlanden entwerfen und produzieren, garantieren wir ein Produkt, das Sie sonst nirgendwo finden. Zudem sorgt die subtile 3D-gedruckte Textur f\u00fcr ein luxuri\u00f6ses Erscheinungsbild, das in jedem Raum sofort auff\u00e4llt.<\/p>\n<h5 data-path-to-node=\"9\">Langlebiges niederl\u00e4ndisches Design und optimaler Komfort<\/h5>\n<p data-path-to-node=\"10\">Qualit\u00e4t steht bei uns w\u00e4hrend des gesamten Produktionsprozesses an erster Stelle. Daher verwenden wir robuste und nachhaltige Materialien, die jahrelanger intensiver Nutzung standhalten. Infolgedessen f\u00fchlen sich die T\u00fcrgriffe nicht nur stabil an, sondern bieten auch eine sehr angenehme Haptik. Zus\u00e4tzlich ist die Montage eines neuen T\u00fcrgriffs an fast jeder Standard-Innent\u00fcr denkbar einfach. Kurz gesagt: Sie k\u00f6nnen Ihrem Zuhause innerhalb weniger Minuten einen komplett neuen Look verleihen.<\/p>\n<h5 data-path-to-node=\"11\">W\u00e4hlen Sie aus 10 stilvollen Farben f\u00fcr jeden T\u00fcrdr\u00fccker<\/h5>\n<p data-path-to-node=\"12\">Jeder Wohnstil erfordert eine spezifische Farbe und Oberfl\u00e4che. Aus diesem Grund sind unsere T\u00fcrgriffe in insgesamt 10 verschiedenen Farben erh\u00e4ltlich. Ob Sie sich f\u00fcr zeitloses Schwarz, modernes Anthrazit oder eine gewagte Trendfarbe entscheiden \u2013 es gibt immer eine passende Variante f\u00fcr Ihre Einrichtung. Dar\u00fcber hinaus ist jeder T\u00fcrdr\u00fccker farbecht und l\u00e4sst sich einfach mit einem feuchten Tuch reinigen. Zusammenfassend bringt Home 3D Innovation und Stil in die kleinsten Details Ihres Hauses.<\/p>\n","protected":false},"excerpt":{"rendered":"<h2 data-path-to-node=\"7\">Werten Sie Ihr Interieur mit modernen T\u00fcrgriffen auf<\/h2>\n<p data-path-to-node=\"8\">Suchen Sie nach einer einzigartigen M\u00f6glichkeit, Ihre T\u00fcren zu versch\u00f6nern? Unsere T\u00fcrgriffe bieten die perfekte Kombination aus modernem Design und hochwertiger Handwerkskunst. Da wir jeden T\u00fcrgriff in den Niederlanden entwerfen und produzieren, garantieren wir ein Produkt, das Sie sonst nirgendwo finden. Zudem sorgt die subtile 3D-gedruckte Textur f\u00fcr ein luxuri\u00f6ses Erscheinungsbild, das in jedem Raum sofort auff\u00e4llt.<\/p>\n<h5 data-path-to-node=\"9\">Langlebiges niederl\u00e4ndisches Design und optimaler Komfort<\/h5>\n<p data-path-to-node=\"10\">Qualit\u00e4t steht bei uns w\u00e4hrend des gesamten Produktionsprozesses an erster Stelle. Daher verwenden wir robuste und nachhaltige Materialien, die jahrelanger intensiver Nutzung standhalten. Infolgedessen f\u00fchlen sich die T\u00fcrgriffe nicht nur stabil an, sondern bieten auch eine sehr angenehme Haptik. Zus\u00e4tzlich ist die Montage eines neuen T\u00fcrgriffs an fast jeder Standard-Innent\u00fcr denkbar einfach. Kurz gesagt: Sie k\u00f6nnen Ihrem Zuhause innerhalb weniger Minuten einen komplett neuen Look verleihen.<\/p>\n<h5 data-path-to-node=\"11\">W\u00e4hlen Sie aus 10 stilvollen Farben f\u00fcr jeden T\u00fcrdr\u00fccker<\/h5>\n<p data-path-to-node=\"12\">Jeder Wohnstil erfordert eine spezifische Farbe und Oberfl\u00e4che. Aus diesem Grund sind unsere T\u00fcrgriffe in insgesamt 10 verschiedenen Farben erh\u00e4ltlich. Ob Sie sich f\u00fcr zeitloses Schwarz, modernes Anthrazit oder eine gewagte Trendfarbe entscheiden \u2013 es gibt immer eine passende Variante f\u00fcr Ihre Einrichtung. Dar\u00fcber hinaus ist jeder T\u00fcrdr\u00fccker farbecht und l\u00e4sst sich einfach mit einem feuchten Tuch reinigen. Zusammenfassend bringt Home 3D Innovation und Stil in die kleinsten Details Ihres Hauses.<\/p>\n","protected":false},"featured_media":2795,"comment_status":"open","ping_status":"closed","template":"","meta":{"_acf_changed":false,"inline_featured_image":false},"product_brand":[],"product_cat":[35],"product_tag":[83],"class_list":{"0":"post-5460","1":"product","2":"type-product","3":"status-publish","4":"has-post-thumbnail","6":"product_cat-deur-klinken","7":"product_tag-wood-handle-deurklink","8":"product_shipping_class-pakket-2","10":"first","11":"instock","12":"taxable","13":"shipping-taxable","14":"purchasable","15":"product-type-variable"},"acf":[],"yoast_head":"<!-- This site is optimized with the Yoast SEO plugin v26.9 - https:\/\/yoast.com\/product\/yoast-seo-wordpress\/ -->\n<title>Moderne T\u00fcrgriffe &amp; T\u00fcrdr\u00fccker | 10 Farben | Home 3D<\/title>\n<meta name=\"description\" content=\"Werten Sie Ihre T\u00fcren mit Home 3D T\u00fcrgriffe auf. Niederl\u00e4ndisches Design, 10 Farben &amp; perfekter Griff. Langlebig &amp; einfach zu montieren. Jetzt bestellen!\" \/>\n<meta name=\"robots\" content=\"noindex, follow, max-snippet:-1, max-image-preview:large, max-video-preview:-1\" \/>\n<meta property=\"og:locale\" content=\"de_DE\" \/>\n<meta property=\"og:type\" content=\"article\" \/>\n<meta property=\"og:title\" content=\"Moderne T\u00fcrgriffe &amp; T\u00fcrdr\u00fccker | 10 Farben | Home 3D\" \/>\n<meta property=\"og:description\" content=\"Werten Sie Ihre T\u00fcren mit Home 3D T\u00fcrgriffe auf. Niederl\u00e4ndisches Design, 10 Farben &amp; perfekter Griff. Langlebig &amp; einfach zu montieren. Jetzt bestellen!\" \/>\n<meta property=\"og:url\" content=\"https:\/\/staging.home3d.nl\/de\/produkt\/wood-handle-tuergriff\/\" \/>\n<meta property=\"og:site_name\" content=\"Home3D.nl\" \/>\n<meta property=\"article:modified_time\" content=\"2026-04-12T01:24:51+00:00\" \/>\n<meta property=\"og:image\" content=\"https:\/\/staging.home3d.nl\/wp-content\/uploads\/2024\/11\/foto-facebook_-1.png\" \/>\n\t<meta property=\"og:image:width\" content=\"1080\" \/>\n\t<meta property=\"og:image:height\" content=\"1080\" \/>\n\t<meta property=\"og:image:type\" content=\"image\/png\" \/>\n<meta name=\"twitter:card\" content=\"summary_large_image\" \/>\n<meta name=\"twitter:label1\" content=\"Gesch\u00e4tzte Lesezeit\" \/>\n\t<meta name=\"twitter:data1\" content=\"2\u00a0Minuten\" \/>\n<script type=\"application\/ld+json\" class=\"yoast-schema-graph\">{\"@context\":\"https:\/\/schema.org\",\"@graph\":[{\"@type\":\"WebPage\",\"@id\":\"https:\/\/staging.home3d.nl\/de\/produkt\/wood-handle-tuergriff\/\",\"url\":\"https:\/\/staging.home3d.nl\/de\/produkt\/wood-handle-tuergriff\/\",\"name\":\"Moderne T\u00fcrgriffe & T\u00fcrdr\u00fccker | 10 Farben | Home 3D\",\"isPartOf\":{\"@id\":\"https:\/\/staging.home3d.nl\/de\/#website\"},\"primaryImageOfPage\":{\"@id\":\"https:\/\/staging.home3d.nl\/de\/produkt\/wood-handle-tuergriff\/#primaryimage\"},\"image\":{\"@id\":\"https:\/\/staging.home3d.nl\/de\/produkt\/wood-handle-tuergriff\/#primaryimage\"},\"thumbnailUrl\":\"https:\/\/staging.home3d.nl\/wp-content\/uploads\/2024\/11\/foto-facebook_-1.png\",\"datePublished\":\"2023-12-11T08:12:22+00:00\",\"dateModified\":\"2026-04-12T01:24:51+00:00\",\"description\":\"Werten Sie Ihre T\u00fcren mit Home 3D T\u00fcrgriffe auf. Niederl\u00e4ndisches Design, 10 Farben & perfekter Griff. Langlebig & einfach zu montieren. Jetzt bestellen!\",\"breadcrumb\":{\"@id\":\"https:\/\/staging.home3d.nl\/de\/produkt\/wood-handle-tuergriff\/#breadcrumb\"},\"inLanguage\":\"de\",\"potentialAction\":[{\"@type\":\"ReadAction\",\"target\":[\"https:\/\/staging.home3d.nl\/de\/produkt\/wood-handle-tuergriff\/\"]}]},{\"@type\":\"ImageObject\",\"inLanguage\":\"de\",\"@id\":\"https:\/\/staging.home3d.nl\/de\/produkt\/wood-handle-tuergriff\/#primaryimage\",\"url\":\"https:\/\/staging.home3d.nl\/wp-content\/uploads\/2024\/11\/foto-facebook_-1.png\",\"contentUrl\":\"https:\/\/staging.home3d.nl\/wp-content\/uploads\/2024\/11\/foto-facebook_-1.png\",\"width\":1080,\"height\":1080,\"caption\":\"Deurklink Wit\"},{\"@type\":\"BreadcrumbList\",\"@id\":\"https:\/\/staging.home3d.nl\/de\/produkt\/wood-handle-tuergriff\/#breadcrumb\",\"itemListElement\":[{\"@type\":\"ListItem\",\"position\":1,\"name\":\"Startseite\",\"item\":\"https:\/\/staging.home3d.nl\/de\/\"},{\"@type\":\"ListItem\",\"position\":2,\"name\":\"Shop\",\"item\":\"https:\/\/staging.home3d.nl\/de\/shop\/\"},{\"@type\":\"ListItem\",\"position\":3,\"name\":\"Wood Handle T\u00fcrgriffe\"}]},{\"@type\":\"WebSite\",\"@id\":\"https:\/\/staging.home3d.nl\/de\/#website\",\"url\":\"https:\/\/staging.home3d.nl\/de\/\",\"name\":\"Home3D.nl\",\"description\":\"\",\"publisher\":{\"@id\":\"https:\/\/staging.home3d.nl\/de\/#organization\"},\"potentialAction\":[{\"@type\":\"SearchAction\",\"target\":{\"@type\":\"EntryPoint\",\"urlTemplate\":\"https:\/\/staging.home3d.nl\/de\/?s={search_term_string}\"},\"query-input\":{\"@type\":\"PropertyValueSpecification\",\"valueRequired\":true,\"valueName\":\"search_term_string\"}}],\"inLanguage\":\"de\"},{\"@type\":\"Organization\",\"@id\":\"https:\/\/staging.home3d.nl\/de\/#organization\",\"name\":\"Home3D.nl\",\"url\":\"https:\/\/staging.home3d.nl\/de\/\",\"logo\":{\"@type\":\"ImageObject\",\"inLanguage\":\"de\",\"@id\":\"https:\/\/staging.home3d.nl\/de\/#\/schema\/logo\/image\/\",\"url\":\"https:\/\/staging.home3d.nl\/wp-content\/uploads\/2023\/10\/Nieuw_logo_home_3d-1.png\",\"contentUrl\":\"https:\/\/staging.home3d.nl\/wp-content\/uploads\/2023\/10\/Nieuw_logo_home_3d-1.png\",\"width\":8880,\"height\":4000,\"caption\":\"Home3D.nl\"},\"image\":{\"@id\":\"https:\/\/staging.home3d.nl\/de\/#\/schema\/logo\/image\/\"}}]}<\/script>\n<!-- \/ Yoast SEO plugin. -->","yoast_head_json":{"title":"Moderne T\u00fcrgriffe & T\u00fcrdr\u00fccker | 10 Farben | Home 3D","description":"Werten Sie Ihre T\u00fcren mit Home 3D T\u00fcrgriffe auf. Niederl\u00e4ndisches Design, 10 Farben & perfekter Griff. Langlebig & einfach zu montieren. Jetzt bestellen!","robots":{"index":"noindex","follow":"follow","max-snippet":"max-snippet:-1","max-image-preview":"max-image-preview:large","max-video-preview":"max-video-preview:-1"},"og_locale":"de_DE","og_type":"article","og_title":"Moderne T\u00fcrgriffe & T\u00fcrdr\u00fccker | 10 Farben | Home 3D","og_description":"Werten Sie Ihre T\u00fcren mit Home 3D T\u00fcrgriffe auf. Niederl\u00e4ndisches Design, 10 Farben & perfekter Griff. Langlebig & einfach zu montieren. Jetzt bestellen!","og_url":"https:\/\/staging.home3d.nl\/de\/produkt\/wood-handle-tuergriff\/","og_site_name":"Home3D.nl","article_modified_time":"2026-04-12T01:24:51+00:00","og_image":[{"width":1080,"height":1080,"url":"https:\/\/staging.home3d.nl\/wp-content\/uploads\/2024\/11\/foto-facebook_-1.png","type":"image\/png"}],"twitter_card":"summary_large_image","twitter_misc":{"Gesch\u00e4tzte Lesezeit":"2\u00a0Minuten"},"schema":{"@context":"https:\/\/schema.org","@graph":[{"@type":"WebPage","@id":"https:\/\/staging.home3d.nl\/de\/produkt\/wood-handle-tuergriff\/","url":"https:\/\/staging.home3d.nl\/de\/produkt\/wood-handle-tuergriff\/","name":"Moderne T\u00fcrgriffe & T\u00fcrdr\u00fccker | 10 Farben | Home 3D","isPartOf":{"@id":"https:\/\/staging.home3d.nl\/de\/#website"},"primaryImageOfPage":{"@id":"https:\/\/staging.home3d.nl\/de\/produkt\/wood-handle-tuergriff\/#primaryimage"},"image":{"@id":"https:\/\/staging.home3d.nl\/de\/produkt\/wood-handle-tuergriff\/#primaryimage"},"thumbnailUrl":"https:\/\/staging.home3d.nl\/wp-content\/uploads\/2024\/11\/foto-facebook_-1.png","datePublished":"2023-12-11T08:12:22+00:00","dateModified":"2026-04-12T01:24:51+00:00","description":"Werten Sie Ihre T\u00fcren mit Home 3D T\u00fcrgriffe auf. Niederl\u00e4ndisches Design, 10 Farben & perfekter Griff. Langlebig & einfach zu montieren. Jetzt bestellen!","breadcrumb":{"@id":"https:\/\/staging.home3d.nl\/de\/produkt\/wood-handle-tuergriff\/#breadcrumb"},"inLanguage":"de","potentialAction":[{"@type":"ReadAction","target":["https:\/\/staging.home3d.nl\/de\/produkt\/wood-handle-tuergriff\/"]}]},{"@type":"ImageObject","inLanguage":"de","@id":"https:\/\/staging.home3d.nl\/de\/produkt\/wood-handle-tuergriff\/#primaryimage","url":"https:\/\/staging.home3d.nl\/wp-content\/uploads\/2024\/11\/foto-facebook_-1.png","contentUrl":"https:\/\/staging.home3d.nl\/wp-content\/uploads\/2024\/11\/foto-facebook_-1.png","width":1080,"height":1080,"caption":"Deurklink Wit"},{"@type":"BreadcrumbList","@id":"https:\/\/staging.home3d.nl\/de\/produkt\/wood-handle-tuergriff\/#breadcrumb","itemListElement":[{"@type":"ListItem","position":1,"name":"Startseite","item":"https:\/\/staging.home3d.nl\/de\/"},{"@type":"ListItem","position":2,"name":"Shop","item":"https:\/\/staging.home3d.nl\/de\/shop\/"},{"@type":"ListItem","position":3,"name":"Wood Handle T\u00fcrgriffe"}]},{"@type":"WebSite","@id":"https:\/\/staging.home3d.nl\/de\/#website","url":"https:\/\/staging.home3d.nl\/de\/","name":"Home3D.nl","description":"","publisher":{"@id":"https:\/\/staging.home3d.nl\/de\/#organization"},"potentialAction":[{"@type":"SearchAction","target":{"@type":"EntryPoint","urlTemplate":"https:\/\/staging.home3d.nl\/de\/?s={search_term_string}"},"query-input":{"@type":"PropertyValueSpecification","valueRequired":true,"valueName":"search_term_string"}}],"inLanguage":"de"},{"@type":"Organization","@id":"https:\/\/staging.home3d.nl\/de\/#organization","name":"Home3D.nl","url":"https:\/\/staging.home3d.nl\/de\/","logo":{"@type":"ImageObject","inLanguage":"de","@id":"https:\/\/staging.home3d.nl\/de\/#\/schema\/logo\/image\/","url":"https:\/\/staging.home3d.nl\/wp-content\/uploads\/2023\/10\/Nieuw_logo_home_3d-1.png","contentUrl":"https:\/\/staging.home3d.nl\/wp-content\/uploads\/2023\/10\/Nieuw_logo_home_3d-1.png","width":8880,"height":4000,"caption":"Home3D.nl"},"image":{"@id":"https:\/\/staging.home3d.nl\/de\/#\/schema\/logo\/image\/"}}]}},"_links":{"self":[{"href":"https:\/\/staging.home3d.nl\/de\/wp-json\/wp\/v2\/product\/5460","targetHints":{"allow":["GET"]}}],"collection":[{"href":"https:\/\/staging.home3d.nl\/de\/wp-json\/wp\/v2\/product"}],"about":[{"href":"https:\/\/staging.home3d.nl\/de\/wp-json\/wp\/v2\/types\/product"}],"replies":[{"embeddable":true,"href":"https:\/\/staging.home3d.nl\/de\/wp-json\/wp\/v2\/comments?post=5460"}],"version-history":[{"count":2,"href":"https:\/\/staging.home3d.nl\/de\/wp-json\/wp\/v2\/product\/5460\/revisions"}],"predecessor-version":[{"id":7847,"href":"https:\/\/staging.home3d.nl\/de\/wp-json\/wp\/v2\/product\/5460\/revisions\/7847"}],"wp:featuredmedia":[{"embeddable":true,"href":"https:\/\/staging.home3d.nl\/de\/wp-json\/wp\/v2\/media\/2795"}],"wp:attachment":[{"href":"https:\/\/staging.home3d.nl\/de\/wp-json\/wp\/v2\/media?parent=5460"}],"wp:term":[{"taxonomy":"product_brand","embeddable":true,"href":"https:\/\/staging.home3d.nl\/de\/wp-json\/wp\/v2\/product_brand?post=5460"},{"taxonomy":"product_cat","embeddable":true,"href":"https:\/\/staging.home3d.nl\/de\/wp-json\/wp\/v2\/product_cat?post=5460"},{"taxonomy":"product_tag","embeddable":true,"href":"https:\/\/staging.home3d.nl\/de\/wp-json\/wp\/v2\/product_tag?post=5460"}],"curies":[{"name":"wp","href":"https:\/\/api.w.org\/{rel}","templated":true}]}}