{"id":5266,"date":"2026-01-15T13:36:32","date_gmt":"2026-01-15T12:36:32","guid":{"rendered":"https:\/\/staging.home3d.nl\/product\/home-3d-tuergriff-laengsschild-wc-schloss\/"},"modified":"2026-02-27T12:00:14","modified_gmt":"2026-02-27T11:00:14","slug":"home-3d-tuergriff-mit-wc-schloss","status":"publish","type":"product","link":"https:\/\/staging.home3d.nl\/de\/produkt\/home-3d-tuergriff-mit-wc-schloss\/","title":{"rendered":"Home 3D T\u00fcrgriff mit WC-Schloss"},"content":{"rendered":"<p data-path-to-node=\"6\"><b data-path-to-node=\"6\" data-index-in-node=\"0\">Werten Sie Ihr Badezimmer auf mit dem Home 3D T\u00fcrgriff mit WC-Schloss \u2013 Nachhaltigkeit und niederl\u00e4ndisches Design<\/b><\/p>\n<p data-path-to-node=\"7\">Sind Sie auf der Suche nach dem perfekten T\u00fcrgriff f\u00fcr Ihre Toilette oder Ihr Badezimmer? Suchen Sie nicht weiter! Der Home 3D\u00ae T\u00fcrgriff ist die ideale L\u00f6sung f\u00fcr alle, die Wert auf Qualit\u00e4t und ein modernes Interieur legen. Jedes Set wird mit Sorgfalt in den Niederlanden entworfen und hergestellt, was eine erstklassige Verarbeitung und langfristige Haltbarkeit garantiert. Mit diesem stilvollen und praktischen Design verleihen Sie Ihren T\u00fcren sofort einen Hauch von Klasse.<\/p>\n<p data-path-to-node=\"8\"><b data-path-to-node=\"8\" data-index-in-node=\"0\">Warum sollten Sie sich f\u00fcr diesen einzigartigen T\u00fcrgriff mit WC-Schloss entscheiden?<\/b><\/p>\n<ul data-path-to-node=\"9\">\n<li>\n<p data-path-to-node=\"9,0,0\"><b data-path-to-node=\"9,0,0\" data-index-in-node=\"0\">Optimale Privatsph\u00e4re:<\/b> Dieser T\u00fcrgriff wurde dank des integrierten Verriegelungsmechanismus speziell f\u00fcr die volle Privatsph\u00e4re im Bad oder G\u00e4ste-WC entwickelt.<\/p>\n<\/li>\n<li>\n<p data-path-to-node=\"9,1,0\"><b data-path-to-node=\"9,1,0\" data-index-in-node=\"0\">Modernes Langschild:<\/b> Das elegante Langschild sorgt f\u00fcr ein modernes und gepflegtes Erscheinungsbild, wodurch alte Bohrl\u00f6cher oft direkt sauber abgedeckt werden.<\/p>\n<\/li>\n<li>\n<p data-path-to-node=\"9,2,0\"><b data-path-to-node=\"9,2,0\" data-index-in-node=\"0\">Hergestellt in den Niederlanden:<\/b> Wir fertigen alle T\u00fcrgriffe und andere Produkte selbst in den Niederlanden, wodurch wir h\u00f6chste Qualit\u00e4t garantieren und Nachhaltigkeit an erste Stelle setzen.<\/p>\n<\/li>\n<li>\n<p data-path-to-node=\"9,3,0\"><b data-path-to-node=\"9,3,0\" data-index-in-node=\"0\">Hochwertige Materialien:<\/b> Hergestellt aus robusten, langlebigen Materialien, die den feuchten Bedingungen in Sanit\u00e4rr\u00e4umen problemlos standhalten.<\/p>\n<\/li>\n<li>\n<p data-path-to-node=\"9,4,0\"><b data-path-to-node=\"9,4,0\" data-index-in-node=\"0\">Einfache Montage:<\/b> Sie k\u00f6nnen Ihren neuen T\u00fcrgriff mit WC-Schloss mit dem mitgelieferten Befestigungsmaterial schnell und einfach selbst montieren.<\/p>\n<\/li>\n<li>\n<p data-path-to-node=\"9,5,0\"><b data-path-to-node=\"9,5,0\" data-index-in-node=\"0\">Verschiedene Farben:<\/b> Erh\u00e4ltlich in diversen modernen Farben, sodass immer eine perfekte Abstimmung auf Ihren pers\u00f6nlichen Einrichtungsstil m\u00f6glich ist.<\/p>\n<\/li>\n<\/ul>\n<p data-path-to-node=\"10\">Egal, ob Sie Ihre vorhandenen T\u00fcrbeschl\u00e4ge ersetzen oder Ihrer Wohnung ein komplettes Makeover g\u00f6nnen \u2013 dieser T\u00fcrgriff von Home 3D bietet die perfekte Balance zwischen t\u00e4glichem Bedienkomfort und moderner \u00c4sthetik.<\/p>\n","protected":false},"excerpt":{"rendered":"<p data-path-to-node=\"6\"><b data-path-to-node=\"6\" data-index-in-node=\"0\">Werten Sie Ihr Badezimmer auf mit dem Home 3D T\u00fcrgriff mit WC-Schloss \u2013 Nachhaltigkeit und niederl\u00e4ndisches Design<\/b><\/p>\n<p data-path-to-node=\"7\">Sind Sie auf der Suche nach dem perfekten T\u00fcrgriff f\u00fcr Ihre Toilette oder Ihr Badezimmer? Suchen Sie nicht weiter! Der Home 3D\u00ae T\u00fcrgriff ist die ideale L\u00f6sung f\u00fcr alle, die Wert auf Qualit\u00e4t und ein modernes Interieur legen. Jedes Set wird mit Sorgfalt in den Niederlanden entworfen und hergestellt, was eine erstklassige Verarbeitung und langfristige Haltbarkeit garantiert. Mit diesem stilvollen und praktischen Design verleihen Sie Ihren T\u00fcren sofort einen Hauch von Klasse.<\/p>\n<p data-path-to-node=\"8\"><b data-path-to-node=\"8\" data-index-in-node=\"0\">Warum sollten Sie sich f\u00fcr diesen einzigartigen T\u00fcrgriff mit WC-Schloss entscheiden?<\/b><\/p>\n<ul data-path-to-node=\"9\">\n<li>\n<p data-path-to-node=\"9,0,0\"><b data-path-to-node=\"9,0,0\" data-index-in-node=\"0\">Optimale Privatsph\u00e4re:<\/b> Dieser T\u00fcrgriff wurde dank des integrierten Verriegelungsmechanismus speziell f\u00fcr die volle Privatsph\u00e4re im Bad oder G\u00e4ste-WC entwickelt.<\/p>\n<\/li>\n<li>\n<p data-path-to-node=\"9,1,0\"><b data-path-to-node=\"9,1,0\" data-index-in-node=\"0\">Modernes Langschild:<\/b> Das elegante Langschild sorgt f\u00fcr ein modernes und gepflegtes Erscheinungsbild, wodurch alte Bohrl\u00f6cher oft direkt sauber abgedeckt werden.<\/p>\n<\/li>\n<li>\n<p data-path-to-node=\"9,2,0\"><b data-path-to-node=\"9,2,0\" data-index-in-node=\"0\">Hergestellt in den Niederlanden:<\/b> Wir fertigen alle T\u00fcrgriffe und andere Produkte selbst in den Niederlanden, wodurch wir h\u00f6chste Qualit\u00e4t garantieren und Nachhaltigkeit an erste Stelle setzen.<\/p>\n<\/li>\n<li>\n<p data-path-to-node=\"9,3,0\"><b data-path-to-node=\"9,3,0\" data-index-in-node=\"0\">Hochwertige Materialien:<\/b> Hergestellt aus robusten, langlebigen Materialien, die den feuchten Bedingungen in Sanit\u00e4rr\u00e4umen problemlos standhalten.<\/p>\n<\/li>\n<li>\n<p data-path-to-node=\"9,4,0\"><b data-path-to-node=\"9,4,0\" data-index-in-node=\"0\">Einfache Montage:<\/b> Sie k\u00f6nnen Ihren neuen T\u00fcrgriff mit WC-Schloss mit dem mitgelieferten Befestigungsmaterial schnell und einfach selbst montieren.<\/p>\n<\/li>\n<li>\n<p data-path-to-node=\"9,5,0\"><b data-path-to-node=\"9,5,0\" data-index-in-node=\"0\">Verschiedene Farben:<\/b> Erh\u00e4ltlich in diversen modernen Farben, sodass immer eine perfekte Abstimmung auf Ihren pers\u00f6nlichen Einrichtungsstil m\u00f6glich ist.<\/p>\n<\/li>\n<\/ul>\n<p data-path-to-node=\"10\">Egal, ob Sie Ihre vorhandenen T\u00fcrbeschl\u00e4ge ersetzen oder Ihrer Wohnung ein komplettes Makeover g\u00f6nnen \u2013 dieser T\u00fcrgriff von Home 3D bietet die perfekte Balance zwischen t\u00e4glichem Bedienkomfort und moderner \u00c4sthetik.<\/p>\n","protected":false},"featured_media":5269,"comment_status":"open","ping_status":"closed","template":"","meta":{"_acf_changed":false,"inline_featured_image":false},"product_brand":[],"product_cat":[107],"product_tag":[109],"class_list":{"0":"post-5266","1":"product","2":"type-product","3":"status-publish","4":"has-post-thumbnail","6":"product_cat-turgriffe","7":"product_tag-wie-3d-turgriff-schloss","8":"product_shipping_class-paket","10":"first","11":"instock","12":"taxable","13":"shipping-taxable","14":"purchasable","15":"product-type-variable"},"acf":[],"yoast_head":"<!-- This site is optimized with the Yoast SEO plugin v26.9 - https:\/\/yoast.com\/product\/yoast-seo-wordpress\/ -->\n<title>Home 3D T\u00fcrgriff | Modernes Design | Premium Qualit\u00e4t<\/title>\n<meta name=\"description\" content=\"Versch\u00f6nern Sie Ihr Zuhause mit einem Home 3D T\u00fcrgriff. Hochwertige Qualit\u00e4t, selbstgefertigt und in verschiedenen Farben erh\u00e4ltlich. Jetzt entdecken!\" \/>\n<meta name=\"robots\" content=\"noindex, follow, max-snippet:-1, max-image-preview:large, max-video-preview:-1\" \/>\n<meta property=\"og:locale\" content=\"de_DE\" \/>\n<meta property=\"og:type\" content=\"article\" \/>\n<meta property=\"og:title\" content=\"Home 3D T\u00fcrgriff | Modernes Design | Premium Qualit\u00e4t\" \/>\n<meta property=\"og:description\" content=\"Versch\u00f6nern Sie Ihr Zuhause mit einem Home 3D T\u00fcrgriff. Hochwertige Qualit\u00e4t, selbstgefertigt und in verschiedenen Farben erh\u00e4ltlich. Jetzt entdecken!\" \/>\n<meta property=\"og:url\" content=\"https:\/\/staging.home3d.nl\/de\/produkt\/home-3d-tuergriff-mit-wc-schloss\/\" \/>\n<meta property=\"og:site_name\" content=\"Home3D.nl\" \/>\n<meta property=\"article:modified_time\" content=\"2026-02-27T11:00:14+00:00\" \/>\n<meta property=\"og:image\" content=\"https:\/\/staging.home3d.nl\/wp-content\/uploads\/2026\/01\/\u00a1\u00a1Bovenaanzicht-1.jpg\" \/>\n\t<meta property=\"og:image:width\" content=\"1080\" \/>\n\t<meta property=\"og:image:height\" content=\"1080\" \/>\n\t<meta property=\"og:image:type\" content=\"image\/jpeg\" \/>\n<meta name=\"twitter:card\" content=\"summary_large_image\" \/>\n<meta name=\"twitter:label1\" content=\"Gesch\u00e4tzte Lesezeit\" \/>\n\t<meta name=\"twitter:data1\" content=\"2\u00a0Minuten\" \/>\n<script type=\"application\/ld+json\" class=\"yoast-schema-graph\">{\"@context\":\"https:\/\/schema.org\",\"@graph\":[{\"@type\":\"WebPage\",\"@id\":\"https:\/\/staging.home3d.nl\/de\/produkt\/home-3d-tuergriff-mit-wc-schloss\/\",\"url\":\"https:\/\/staging.home3d.nl\/de\/produkt\/home-3d-tuergriff-mit-wc-schloss\/\",\"name\":\"Home 3D T\u00fcrgriff | Modernes Design | Premium Qualit\u00e4t\",\"isPartOf\":{\"@id\":\"https:\/\/staging.home3d.nl\/de\/#website\"},\"primaryImageOfPage\":{\"@id\":\"https:\/\/staging.home3d.nl\/de\/produkt\/home-3d-tuergriff-mit-wc-schloss\/#primaryimage\"},\"image\":{\"@id\":\"https:\/\/staging.home3d.nl\/de\/produkt\/home-3d-tuergriff-mit-wc-schloss\/#primaryimage\"},\"thumbnailUrl\":\"https:\/\/staging.home3d.nl\/wp-content\/uploads\/2026\/01\/\u00a1\u00a1Bovenaanzicht-1.jpg\",\"datePublished\":\"2026-01-15T12:36:32+00:00\",\"dateModified\":\"2026-02-27T11:00:14+00:00\",\"description\":\"Versch\u00f6nern Sie Ihr Zuhause mit einem Home 3D T\u00fcrgriff. Hochwertige Qualit\u00e4t, selbstgefertigt und in verschiedenen Farben erh\u00e4ltlich. Jetzt entdecken!\",\"breadcrumb\":{\"@id\":\"https:\/\/staging.home3d.nl\/de\/produkt\/home-3d-tuergriff-mit-wc-schloss\/#breadcrumb\"},\"inLanguage\":\"de\",\"potentialAction\":[{\"@type\":\"ReadAction\",\"target\":[\"https:\/\/staging.home3d.nl\/de\/produkt\/home-3d-tuergriff-mit-wc-schloss\/\"]}]},{\"@type\":\"ImageObject\",\"inLanguage\":\"de\",\"@id\":\"https:\/\/staging.home3d.nl\/de\/produkt\/home-3d-tuergriff-mit-wc-schloss\/#primaryimage\",\"url\":\"https:\/\/staging.home3d.nl\/wp-content\/uploads\/2026\/01\/\u00a1\u00a1Bovenaanzicht-1.jpg\",\"contentUrl\":\"https:\/\/staging.home3d.nl\/wp-content\/uploads\/2026\/01\/\u00a1\u00a1Bovenaanzicht-1.jpg\",\"width\":1080,\"height\":1080,\"caption\":\"deurklink sfeer foto\"},{\"@type\":\"BreadcrumbList\",\"@id\":\"https:\/\/staging.home3d.nl\/de\/produkt\/home-3d-tuergriff-mit-wc-schloss\/#breadcrumb\",\"itemListElement\":[{\"@type\":\"ListItem\",\"position\":1,\"name\":\"Startseite\",\"item\":\"https:\/\/staging.home3d.nl\/de\/\"},{\"@type\":\"ListItem\",\"position\":2,\"name\":\"Shop\",\"item\":\"https:\/\/staging.home3d.nl\/de\/shop\/\"},{\"@type\":\"ListItem\",\"position\":3,\"name\":\"Home 3D T\u00fcrgriff mit WC-Schloss\"}]},{\"@type\":\"WebSite\",\"@id\":\"https:\/\/staging.home3d.nl\/de\/#website\",\"url\":\"https:\/\/staging.home3d.nl\/de\/\",\"name\":\"Home3D.nl\",\"description\":\"\",\"publisher\":{\"@id\":\"https:\/\/staging.home3d.nl\/de\/#organization\"},\"potentialAction\":[{\"@type\":\"SearchAction\",\"target\":{\"@type\":\"EntryPoint\",\"urlTemplate\":\"https:\/\/staging.home3d.nl\/de\/?s={search_term_string}\"},\"query-input\":{\"@type\":\"PropertyValueSpecification\",\"valueRequired\":true,\"valueName\":\"search_term_string\"}}],\"inLanguage\":\"de\"},{\"@type\":\"Organization\",\"@id\":\"https:\/\/staging.home3d.nl\/de\/#organization\",\"name\":\"Home3D.nl\",\"url\":\"https:\/\/staging.home3d.nl\/de\/\",\"logo\":{\"@type\":\"ImageObject\",\"inLanguage\":\"de\",\"@id\":\"https:\/\/staging.home3d.nl\/de\/#\/schema\/logo\/image\/\",\"url\":\"https:\/\/staging.home3d.nl\/wp-content\/uploads\/2023\/10\/Nieuw_logo_home_3d-1.png\",\"contentUrl\":\"https:\/\/staging.home3d.nl\/wp-content\/uploads\/2023\/10\/Nieuw_logo_home_3d-1.png\",\"width\":8880,\"height\":4000,\"caption\":\"Home3D.nl\"},\"image\":{\"@id\":\"https:\/\/staging.home3d.nl\/de\/#\/schema\/logo\/image\/\"}}]}<\/script>\n<!-- \/ Yoast SEO plugin. -->","yoast_head_json":{"title":"Home 3D T\u00fcrgriff | Modernes Design | Premium Qualit\u00e4t","description":"Versch\u00f6nern Sie Ihr Zuhause mit einem Home 3D T\u00fcrgriff. Hochwertige Qualit\u00e4t, selbstgefertigt und in verschiedenen Farben erh\u00e4ltlich. Jetzt entdecken!","robots":{"index":"noindex","follow":"follow","max-snippet":"max-snippet:-1","max-image-preview":"max-image-preview:large","max-video-preview":"max-video-preview:-1"},"og_locale":"de_DE","og_type":"article","og_title":"Home 3D T\u00fcrgriff | Modernes Design | Premium Qualit\u00e4t","og_description":"Versch\u00f6nern Sie Ihr Zuhause mit einem Home 3D T\u00fcrgriff. Hochwertige Qualit\u00e4t, selbstgefertigt und in verschiedenen Farben erh\u00e4ltlich. Jetzt entdecken!","og_url":"https:\/\/staging.home3d.nl\/de\/produkt\/home-3d-tuergriff-mit-wc-schloss\/","og_site_name":"Home3D.nl","article_modified_time":"2026-02-27T11:00:14+00:00","og_image":[{"width":1080,"height":1080,"url":"https:\/\/staging.home3d.nl\/wp-content\/uploads\/2026\/01\/\u00a1\u00a1Bovenaanzicht-1.jpg","type":"image\/jpeg"}],"twitter_card":"summary_large_image","twitter_misc":{"Gesch\u00e4tzte Lesezeit":"2\u00a0Minuten"},"schema":{"@context":"https:\/\/schema.org","@graph":[{"@type":"WebPage","@id":"https:\/\/staging.home3d.nl\/de\/produkt\/home-3d-tuergriff-mit-wc-schloss\/","url":"https:\/\/staging.home3d.nl\/de\/produkt\/home-3d-tuergriff-mit-wc-schloss\/","name":"Home 3D T\u00fcrgriff | Modernes Design | Premium Qualit\u00e4t","isPartOf":{"@id":"https:\/\/staging.home3d.nl\/de\/#website"},"primaryImageOfPage":{"@id":"https:\/\/staging.home3d.nl\/de\/produkt\/home-3d-tuergriff-mit-wc-schloss\/#primaryimage"},"image":{"@id":"https:\/\/staging.home3d.nl\/de\/produkt\/home-3d-tuergriff-mit-wc-schloss\/#primaryimage"},"thumbnailUrl":"https:\/\/staging.home3d.nl\/wp-content\/uploads\/2026\/01\/\u00a1\u00a1Bovenaanzicht-1.jpg","datePublished":"2026-01-15T12:36:32+00:00","dateModified":"2026-02-27T11:00:14+00:00","description":"Versch\u00f6nern Sie Ihr Zuhause mit einem Home 3D T\u00fcrgriff. Hochwertige Qualit\u00e4t, selbstgefertigt und in verschiedenen Farben erh\u00e4ltlich. Jetzt entdecken!","breadcrumb":{"@id":"https:\/\/staging.home3d.nl\/de\/produkt\/home-3d-tuergriff-mit-wc-schloss\/#breadcrumb"},"inLanguage":"de","potentialAction":[{"@type":"ReadAction","target":["https:\/\/staging.home3d.nl\/de\/produkt\/home-3d-tuergriff-mit-wc-schloss\/"]}]},{"@type":"ImageObject","inLanguage":"de","@id":"https:\/\/staging.home3d.nl\/de\/produkt\/home-3d-tuergriff-mit-wc-schloss\/#primaryimage","url":"https:\/\/staging.home3d.nl\/wp-content\/uploads\/2026\/01\/\u00a1\u00a1Bovenaanzicht-1.jpg","contentUrl":"https:\/\/staging.home3d.nl\/wp-content\/uploads\/2026\/01\/\u00a1\u00a1Bovenaanzicht-1.jpg","width":1080,"height":1080,"caption":"deurklink sfeer foto"},{"@type":"BreadcrumbList","@id":"https:\/\/staging.home3d.nl\/de\/produkt\/home-3d-tuergriff-mit-wc-schloss\/#breadcrumb","itemListElement":[{"@type":"ListItem","position":1,"name":"Startseite","item":"https:\/\/staging.home3d.nl\/de\/"},{"@type":"ListItem","position":2,"name":"Shop","item":"https:\/\/staging.home3d.nl\/de\/shop\/"},{"@type":"ListItem","position":3,"name":"Home 3D T\u00fcrgriff mit WC-Schloss"}]},{"@type":"WebSite","@id":"https:\/\/staging.home3d.nl\/de\/#website","url":"https:\/\/staging.home3d.nl\/de\/","name":"Home3D.nl","description":"","publisher":{"@id":"https:\/\/staging.home3d.nl\/de\/#organization"},"potentialAction":[{"@type":"SearchAction","target":{"@type":"EntryPoint","urlTemplate":"https:\/\/staging.home3d.nl\/de\/?s={search_term_string}"},"query-input":{"@type":"PropertyValueSpecification","valueRequired":true,"valueName":"search_term_string"}}],"inLanguage":"de"},{"@type":"Organization","@id":"https:\/\/staging.home3d.nl\/de\/#organization","name":"Home3D.nl","url":"https:\/\/staging.home3d.nl\/de\/","logo":{"@type":"ImageObject","inLanguage":"de","@id":"https:\/\/staging.home3d.nl\/de\/#\/schema\/logo\/image\/","url":"https:\/\/staging.home3d.nl\/wp-content\/uploads\/2023\/10\/Nieuw_logo_home_3d-1.png","contentUrl":"https:\/\/staging.home3d.nl\/wp-content\/uploads\/2023\/10\/Nieuw_logo_home_3d-1.png","width":8880,"height":4000,"caption":"Home3D.nl"},"image":{"@id":"https:\/\/staging.home3d.nl\/de\/#\/schema\/logo\/image\/"}}]}},"_links":{"self":[{"href":"https:\/\/staging.home3d.nl\/de\/wp-json\/wp\/v2\/product\/5266","targetHints":{"allow":["GET"]}}],"collection":[{"href":"https:\/\/staging.home3d.nl\/de\/wp-json\/wp\/v2\/product"}],"about":[{"href":"https:\/\/staging.home3d.nl\/de\/wp-json\/wp\/v2\/types\/product"}],"replies":[{"embeddable":true,"href":"https:\/\/staging.home3d.nl\/de\/wp-json\/wp\/v2\/comments?post=5266"}],"version-history":[{"count":4,"href":"https:\/\/staging.home3d.nl\/de\/wp-json\/wp\/v2\/product\/5266\/revisions"}],"predecessor-version":[{"id":7784,"href":"https:\/\/staging.home3d.nl\/de\/wp-json\/wp\/v2\/product\/5266\/revisions\/7784"}],"wp:featuredmedia":[{"embeddable":true,"href":"https:\/\/staging.home3d.nl\/de\/wp-json\/wp\/v2\/media\/5269"}],"wp:attachment":[{"href":"https:\/\/staging.home3d.nl\/de\/wp-json\/wp\/v2\/media?parent=5266"}],"wp:term":[{"taxonomy":"product_brand","embeddable":true,"href":"https:\/\/staging.home3d.nl\/de\/wp-json\/wp\/v2\/product_brand?post=5266"},{"taxonomy":"product_cat","embeddable":true,"href":"https:\/\/staging.home3d.nl\/de\/wp-json\/wp\/v2\/product_cat?post=5266"},{"taxonomy":"product_tag","embeddable":true,"href":"https:\/\/staging.home3d.nl\/de\/wp-json\/wp\/v2\/product_tag?post=5266"}],"curies":[{"name":"wp","href":"https:\/\/api.w.org\/{rel}","templated":true}]}}