{"id":5738,"date":"2023-10-16T09:06:07","date_gmt":"2023-10-16T08:06:07","guid":{"rendered":"https:\/\/staging.home3d.nl\/ueber-uns\/"},"modified":"2026-02-05T15:27:19","modified_gmt":"2026-02-05T14:27:19","slug":"ueber-uns","status":"publish","type":"page","link":"https:\/\/staging.home3d.nl\/de\/ueber-uns\/","title":{"rendered":"\u00dcber uns"},"content":{"rendered":"\t\t<div data-elementor-type=\"wp-page\" data-elementor-id=\"5738\" class=\"elementor elementor-5738 elementor-57\" data-elementor-post-type=\"page\">\n\t\t\t\t<div class=\"elementor-element elementor-element-260f6976 e-con-full e-flex e-con e-parent\" data-id=\"260f6976\" data-element_type=\"container\" data-e-type=\"container\">\n\t\t<div class=\"elementor-element elementor-element-4978b926 e-con-full elementor-hidden-mobile e-flex e-con e-child\" data-id=\"4978b926\" data-element_type=\"container\" data-e-type=\"container\" data-settings=\"{&quot;background_background&quot;:&quot;classic&quot;}\">\n\t\t\t\t<\/div>\n\t\t<div class=\"elementor-element elementor-element-5e66e41b e-con-full e-flex e-con e-child\" data-id=\"5e66e41b\" data-element_type=\"container\" data-e-type=\"container\" data-settings=\"{&quot;background_background&quot;:&quot;classic&quot;}\">\n\t\t\t\t<div class=\"elementor-element elementor-element-30d63716 elementor-cta--skin-classic elementor-animated-content elementor-bg-transform elementor-bg-transform-zoom-in elementor-widget elementor-widget-call-to-action\" data-id=\"30d63716\" data-element_type=\"widget\" data-e-type=\"widget\" data-widget_type=\"call-to-action.default\">\n\t\t\t\t\t\t\t<div class=\"elementor-cta\">\n\t\t\t\t\t\t\t<div class=\"elementor-cta__content\">\n\t\t\t\t\n\t\t\t\t\t\t\t\t\t<h1 class=\"elementor-cta__title elementor-cta__content-item elementor-content-item\">\n\t\t\t\t\t\tK\u00fcchen- und Wohnaccessoires handgefertigt  \t\t\t\t\t<\/h1>\n\t\t\t\t\n\t\t\t\t\n\t\t\t\t\t\t\t<\/div>\n\t\t\t\t\t\t<\/div>\n\t\t\t\t\t\t<\/div>\n\t\t\t\t<\/div>\n\t\t\t\t<\/div>\n\t\t<div class=\"elementor-element elementor-element-f6b527b e-con-full e-flex e-con e-parent\" data-id=\"f6b527b\" data-element_type=\"container\" data-e-type=\"container\">\n\t\t<div class=\"elementor-element elementor-element-5b34a585 e-con-full e-flex e-con e-child\" data-id=\"5b34a585\" data-element_type=\"container\" data-e-type=\"container\">\n\t\t\t\t<div class=\"elementor-element elementor-element-24231f62 elementor-widget elementor-widget-heading\" data-id=\"24231f62\" data-element_type=\"widget\" data-e-type=\"widget\" data-widget_type=\"heading.default\">\n\t\t\t\t\t<h2 class=\"elementor-heading-title elementor-size-default\">\u00dcber uns  <\/h2>\t\t\t\t<\/div>\n\t\t\t\t<div class=\"elementor-element elementor-element-132a96f4 elementor-widget elementor-widget-text-editor\" data-id=\"132a96f4\" data-element_type=\"widget\" data-e-type=\"widget\" data-widget_type=\"text-editor.default\">\n\t\t\t\t\t\t\t\t\t<p>Willkommen bei Home3D, wo 3D-Druck, Freundschaft und Handwerkskunst zusammenkommen. Kevin und John, zwei Freunde mit einer gemeinsamen Leidenschaft, haben Home3D gegr\u00fcndet. Kevin, der Webentwickler, hat unsere Website mit gro\u00dfer Sorgfalt erstellt. Er ist auch der Ansprechpartner f\u00fcr unsere Kunden und bem\u00fcht sich um 100%ige Kundenzufriedenheit. John, der Kreative, verleiht mit seinem handwerklichen Geschick jedem Design eine einzigartige pers\u00f6nliche Note. John und Kevin haben ein Auge f\u00fcr Details und streben gemeinsam nach der besten Qualit\u00e4t.     <\/p><p>Bei Home3D legen wir Wert auf Nachhaltigkeit und lokale Produktion. Jedes St\u00fcck wird liebevoll in den Niederlanden hergestellt, wobei wir die Vorteile des 3D-Drucks nutzen, um personalisierte Wohnaccessoires zu kreieren. Unsere Produkte erz\u00e4hlen Geschichten und hinterlassen bleibende Eindr\u00fccke. Entdecken Sie die Welt der Innovation, des Stils und der Freundschaft bei Home3D - wo jedes Produkt ein nachhaltiges Kunstwerk ist.   <\/p>\t\t\t\t\t\t\t\t<\/div>\n\t\t\t\t<div class=\"elementor-element elementor-element-68ee5ad elementor-mobile-align-justify elementor-widget-mobile__width-initial elementor-widget elementor-widget-button\" data-id=\"68ee5ad\" data-element_type=\"widget\" data-e-type=\"widget\" data-widget_type=\"button.default\">\n\t\t\t\t\t\t\t\t\t\t<a class=\"elementor-button elementor-button-link elementor-size-sm\" href=\"https:\/\/staging.home3d.nl\/de\/shop\/\">\n\t\t\t\t\t\t<span class=\"elementor-button-content-wrapper\">\n\t\t\t\t\t\t\t\t\t<span class=\"elementor-button-text\">Unsere Kollektion ansehen<\/span>\n\t\t\t\t\t<\/span>\n\t\t\t\t\t<\/a>\n\t\t\t\t\t\t\t\t<\/div>\n\t\t\t\t<\/div>\n\t\t<div class=\"elementor-element elementor-element-7a1e4c10 e-con-full e-flex e-con e-child\" data-id=\"7a1e4c10\" data-element_type=\"container\" data-e-type=\"container\" data-settings=\"{&quot;background_background&quot;:&quot;classic&quot;,&quot;background_motion_fx_motion_fx_scrolling&quot;:&quot;yes&quot;,&quot;background_motion_fx_scale_effect&quot;:&quot;yes&quot;,&quot;background_motion_fx_scale_direction&quot;:&quot;in-out&quot;,&quot;background_motion_fx_scale_range&quot;:{&quot;unit&quot;:&quot;%&quot;,&quot;size&quot;:&quot;&quot;,&quot;sizes&quot;:{&quot;start&quot;:0,&quot;end&quot;:50}},&quot;background_motion_fx_scale_speed&quot;:{&quot;unit&quot;:&quot;px&quot;,&quot;size&quot;:4,&quot;sizes&quot;:[]},&quot;background_motion_fx_devices&quot;:[&quot;desktop&quot;,&quot;tablet&quot;,&quot;mobile&quot;]}\">\n\t\t\t\t<\/div>\n\t\t\t\t<\/div>\n\t\t\t\t<\/div>\n\t\t","protected":false},"excerpt":{"rendered":"<p>K\u00fcchen- und Wohnaccessoires handgefertigt \u00dcber uns Willkommen bei Home3D, wo 3D-Druck, Freundschaft und Handwerkskunst zusammenkommen. Kevin und John, zwei Freunde mit einer gemeinsamen Leidenschaft, haben Home3D gegr\u00fcndet. Kevin, der Webentwickler, hat unsere Website mit gro\u00dfer Sorgfalt erstellt. Er ist auch der Ansprechpartner f\u00fcr unsere Kunden und bem\u00fcht sich um 100%ige Kundenzufriedenheit. John, der Kreative, verleiht [&hellip;]<\/p>\n","protected":false},"author":2,"featured_media":5739,"parent":0,"menu_order":0,"comment_status":"closed","ping_status":"closed","template":"elementor_header_footer","meta":{"_acf_changed":false,"inline_featured_image":false,"footnotes":""},"class_list":["post-5738","page","type-page","status-publish","has-post-thumbnail","hentry"],"acf":[],"yoast_head":"<!-- This site is optimized with the Yoast SEO plugin v26.9 - https:\/\/yoast.com\/product\/yoast-seo-wordpress\/ -->\n<title>| Home3D.co.uk<\/title>\n<meta name=\"description\" content=\"Willkommen bei Home3D, wo 3D-Druck, Freundschaft und Handwerkskunst zusammenkommen. Kevin und John, zwei Freunde mit einer gemeinsamen Leidenschaft, haben Home3D gegr\u00fcndet.\" \/>\n<meta name=\"robots\" content=\"noindex, follow, max-snippet:-1, max-image-preview:large, max-video-preview:-1\" \/>\n<meta property=\"og:locale\" content=\"de_DE\" \/>\n<meta property=\"og:type\" content=\"article\" \/>\n<meta property=\"og:title\" content=\"| Home3D.co.uk\" \/>\n<meta property=\"og:description\" content=\"Willkommen bei Home3D, wo 3D-Druck, Freundschaft und Handwerkskunst zusammenkommen. Kevin und John, zwei Freunde mit einer gemeinsamen Leidenschaft, haben Home3D gegr\u00fcndet.\" \/>\n<meta property=\"og:url\" content=\"https:\/\/staging.home3d.nl\/de\/ueber-uns\/\" \/>\n<meta property=\"og:site_name\" content=\"Home3D.nl\" \/>\n<meta property=\"article:modified_time\" content=\"2026-02-05T14:27:19+00:00\" \/>\n<meta property=\"og:image\" content=\"https:\/\/staging.home3d.nl\/wp-content\/uploads\/2025\/06\/IMG_3454.jpeg\" \/>\n\t<meta property=\"og:image:width\" content=\"2048\" \/>\n\t<meta property=\"og:image:height\" content=\"1536\" \/>\n\t<meta property=\"og:image:type\" content=\"image\/jpeg\" \/>\n<meta name=\"twitter:card\" content=\"summary_large_image\" \/>\n<meta name=\"twitter:label1\" content=\"Gesch\u00e4tzte Lesezeit\" \/>\n\t<meta name=\"twitter:data1\" content=\"1\u00a0Minute\" \/>\n<script type=\"application\/ld+json\" class=\"yoast-schema-graph\">{\"@context\":\"https:\/\/schema.org\",\"@graph\":[{\"@type\":\"WebPage\",\"@id\":\"https:\/\/staging.home3d.nl\/de\/ueber-uns\/\",\"url\":\"https:\/\/staging.home3d.nl\/de\/ueber-uns\/\",\"name\":\"| Home3D.co.uk\",\"isPartOf\":{\"@id\":\"https:\/\/staging.home3d.nl\/de\/#website\"},\"primaryImageOfPage\":{\"@id\":\"https:\/\/staging.home3d.nl\/de\/ueber-uns\/#primaryimage\"},\"image\":{\"@id\":\"https:\/\/staging.home3d.nl\/de\/ueber-uns\/#primaryimage\"},\"thumbnailUrl\":\"https:\/\/staging.home3d.nl\/wp-content\/uploads\/2025\/06\/IMG_3454.jpeg\",\"datePublished\":\"2023-10-16T08:06:07+00:00\",\"dateModified\":\"2026-02-05T14:27:19+00:00\",\"description\":\"Willkommen bei Home3D, wo 3D-Druck, Freundschaft und Handwerkskunst zusammenkommen. Kevin und John, zwei Freunde mit einer gemeinsamen Leidenschaft, haben Home3D gegr\u00fcndet.\",\"breadcrumb\":{\"@id\":\"https:\/\/staging.home3d.nl\/de\/ueber-uns\/#breadcrumb\"},\"inLanguage\":\"de\",\"potentialAction\":[{\"@type\":\"ReadAction\",\"target\":[\"https:\/\/staging.home3d.nl\/de\/ueber-uns\/\"]}]},{\"@type\":\"ImageObject\",\"inLanguage\":\"de\",\"@id\":\"https:\/\/staging.home3d.nl\/de\/ueber-uns\/#primaryimage\",\"url\":\"https:\/\/staging.home3d.nl\/wp-content\/uploads\/2025\/06\/IMG_3454.jpeg\",\"contentUrl\":\"https:\/\/staging.home3d.nl\/wp-content\/uploads\/2025\/06\/IMG_3454.jpeg\",\"width\":2048,\"height\":1536},{\"@type\":\"BreadcrumbList\",\"@id\":\"https:\/\/staging.home3d.nl\/de\/ueber-uns\/#breadcrumb\",\"itemListElement\":[{\"@type\":\"ListItem\",\"position\":1,\"name\":\"Startseite\",\"item\":\"https:\/\/staging.home3d.nl\/de\/\"},{\"@type\":\"ListItem\",\"position\":2,\"name\":\"\u00dcber uns\"}]},{\"@type\":\"WebSite\",\"@id\":\"https:\/\/staging.home3d.nl\/de\/#website\",\"url\":\"https:\/\/staging.home3d.nl\/de\/\",\"name\":\"Home3D.nl\",\"description\":\"\",\"publisher\":{\"@id\":\"https:\/\/staging.home3d.nl\/de\/#organization\"},\"potentialAction\":[{\"@type\":\"SearchAction\",\"target\":{\"@type\":\"EntryPoint\",\"urlTemplate\":\"https:\/\/staging.home3d.nl\/de\/?s={search_term_string}\"},\"query-input\":{\"@type\":\"PropertyValueSpecification\",\"valueRequired\":true,\"valueName\":\"search_term_string\"}}],\"inLanguage\":\"de\"},{\"@type\":\"Organization\",\"@id\":\"https:\/\/staging.home3d.nl\/de\/#organization\",\"name\":\"Home3D.nl\",\"url\":\"https:\/\/staging.home3d.nl\/de\/\",\"logo\":{\"@type\":\"ImageObject\",\"inLanguage\":\"de\",\"@id\":\"https:\/\/staging.home3d.nl\/de\/#\/schema\/logo\/image\/\",\"url\":\"https:\/\/staging.home3d.nl\/wp-content\/uploads\/2023\/10\/Nieuw_logo_home_3d-1.png\",\"contentUrl\":\"https:\/\/staging.home3d.nl\/wp-content\/uploads\/2023\/10\/Nieuw_logo_home_3d-1.png\",\"width\":8880,\"height\":4000,\"caption\":\"Home3D.nl\"},\"image\":{\"@id\":\"https:\/\/staging.home3d.nl\/de\/#\/schema\/logo\/image\/\"}}]}<\/script>\n<!-- \/ Yoast SEO plugin. -->","yoast_head_json":{"title":"| Home3D.co.uk","description":"Willkommen bei Home3D, wo 3D-Druck, Freundschaft und Handwerkskunst zusammenkommen. Kevin und John, zwei Freunde mit einer gemeinsamen Leidenschaft, haben Home3D gegr\u00fcndet.","robots":{"index":"noindex","follow":"follow","max-snippet":"max-snippet:-1","max-image-preview":"max-image-preview:large","max-video-preview":"max-video-preview:-1"},"og_locale":"de_DE","og_type":"article","og_title":"| Home3D.co.uk","og_description":"Willkommen bei Home3D, wo 3D-Druck, Freundschaft und Handwerkskunst zusammenkommen. Kevin und John, zwei Freunde mit einer gemeinsamen Leidenschaft, haben Home3D gegr\u00fcndet.","og_url":"https:\/\/staging.home3d.nl\/de\/ueber-uns\/","og_site_name":"Home3D.nl","article_modified_time":"2026-02-05T14:27:19+00:00","og_image":[{"width":2048,"height":1536,"url":"https:\/\/staging.home3d.nl\/wp-content\/uploads\/2025\/06\/IMG_3454.jpeg","type":"image\/jpeg"}],"twitter_card":"summary_large_image","twitter_misc":{"Gesch\u00e4tzte Lesezeit":"1\u00a0Minute"},"schema":{"@context":"https:\/\/schema.org","@graph":[{"@type":"WebPage","@id":"https:\/\/staging.home3d.nl\/de\/ueber-uns\/","url":"https:\/\/staging.home3d.nl\/de\/ueber-uns\/","name":"| Home3D.co.uk","isPartOf":{"@id":"https:\/\/staging.home3d.nl\/de\/#website"},"primaryImageOfPage":{"@id":"https:\/\/staging.home3d.nl\/de\/ueber-uns\/#primaryimage"},"image":{"@id":"https:\/\/staging.home3d.nl\/de\/ueber-uns\/#primaryimage"},"thumbnailUrl":"https:\/\/staging.home3d.nl\/wp-content\/uploads\/2025\/06\/IMG_3454.jpeg","datePublished":"2023-10-16T08:06:07+00:00","dateModified":"2026-02-05T14:27:19+00:00","description":"Willkommen bei Home3D, wo 3D-Druck, Freundschaft und Handwerkskunst zusammenkommen. Kevin und John, zwei Freunde mit einer gemeinsamen Leidenschaft, haben Home3D gegr\u00fcndet.","breadcrumb":{"@id":"https:\/\/staging.home3d.nl\/de\/ueber-uns\/#breadcrumb"},"inLanguage":"de","potentialAction":[{"@type":"ReadAction","target":["https:\/\/staging.home3d.nl\/de\/ueber-uns\/"]}]},{"@type":"ImageObject","inLanguage":"de","@id":"https:\/\/staging.home3d.nl\/de\/ueber-uns\/#primaryimage","url":"https:\/\/staging.home3d.nl\/wp-content\/uploads\/2025\/06\/IMG_3454.jpeg","contentUrl":"https:\/\/staging.home3d.nl\/wp-content\/uploads\/2025\/06\/IMG_3454.jpeg","width":2048,"height":1536},{"@type":"BreadcrumbList","@id":"https:\/\/staging.home3d.nl\/de\/ueber-uns\/#breadcrumb","itemListElement":[{"@type":"ListItem","position":1,"name":"Startseite","item":"https:\/\/staging.home3d.nl\/de\/"},{"@type":"ListItem","position":2,"name":"\u00dcber uns"}]},{"@type":"WebSite","@id":"https:\/\/staging.home3d.nl\/de\/#website","url":"https:\/\/staging.home3d.nl\/de\/","name":"Home3D.nl","description":"","publisher":{"@id":"https:\/\/staging.home3d.nl\/de\/#organization"},"potentialAction":[{"@type":"SearchAction","target":{"@type":"EntryPoint","urlTemplate":"https:\/\/staging.home3d.nl\/de\/?s={search_term_string}"},"query-input":{"@type":"PropertyValueSpecification","valueRequired":true,"valueName":"search_term_string"}}],"inLanguage":"de"},{"@type":"Organization","@id":"https:\/\/staging.home3d.nl\/de\/#organization","name":"Home3D.nl","url":"https:\/\/staging.home3d.nl\/de\/","logo":{"@type":"ImageObject","inLanguage":"de","@id":"https:\/\/staging.home3d.nl\/de\/#\/schema\/logo\/image\/","url":"https:\/\/staging.home3d.nl\/wp-content\/uploads\/2023\/10\/Nieuw_logo_home_3d-1.png","contentUrl":"https:\/\/staging.home3d.nl\/wp-content\/uploads\/2023\/10\/Nieuw_logo_home_3d-1.png","width":8880,"height":4000,"caption":"Home3D.nl"},"image":{"@id":"https:\/\/staging.home3d.nl\/de\/#\/schema\/logo\/image\/"}}]}},"_links":{"self":[{"href":"https:\/\/staging.home3d.nl\/de\/wp-json\/wp\/v2\/pages\/5738","targetHints":{"allow":["GET"]}}],"collection":[{"href":"https:\/\/staging.home3d.nl\/de\/wp-json\/wp\/v2\/pages"}],"about":[{"href":"https:\/\/staging.home3d.nl\/de\/wp-json\/wp\/v2\/types\/page"}],"author":[{"embeddable":true,"href":"https:\/\/staging.home3d.nl\/de\/wp-json\/wp\/v2\/users\/2"}],"replies":[{"embeddable":true,"href":"https:\/\/staging.home3d.nl\/de\/wp-json\/wp\/v2\/comments?post=5738"}],"version-history":[{"count":0,"href":"https:\/\/staging.home3d.nl\/de\/wp-json\/wp\/v2\/pages\/5738\/revisions"}],"wp:featuredmedia":[{"embeddable":true,"href":"https:\/\/staging.home3d.nl\/de\/wp-json\/wp\/v2\/media\/5739"}],"wp:attachment":[{"href":"https:\/\/staging.home3d.nl\/de\/wp-json\/wp\/v2\/media?parent=5738"}],"curies":[{"name":"wp","href":"https:\/\/api.w.org\/{rel}","templated":true}]}}