{"id":5678,"date":"2026-01-07T07:51:43","date_gmt":"2026-01-07T06:51:43","guid":{"rendered":"https:\/\/staging.home3d.nl\/ruecksendeformular\/"},"modified":"2026-02-05T15:24:30","modified_gmt":"2026-02-05T14:24:30","slug":"ruecksendeformular","status":"publish","type":"page","link":"https:\/\/staging.home3d.nl\/de\/ruecksendeformular\/","title":{"rendered":"R\u00fccksendeformular"},"content":{"rendered":"\t\t<div data-elementor-type=\"wp-page\" data-elementor-id=\"5678\" class=\"elementor elementor-5678 elementor-4871\" data-elementor-post-type=\"page\">\n\t\t\t\t<div class=\"elementor-element elementor-element-21c44354 e-flex e-con-boxed e-con e-parent\" data-id=\"21c44354\" data-element_type=\"container\" data-e-type=\"container\" data-settings=\"{&quot;background_background&quot;:&quot;classic&quot;}\">\n\t\t\t\t\t<div class=\"e-con-inner\">\n\t\t\t\t<div class=\"elementor-element elementor-element-201ccaa7 elementor-widget-mobile__width-inherit elementor-widget elementor-widget-text-editor\" data-id=\"201ccaa7\" data-element_type=\"widget\" data-e-type=\"widget\" data-widget_type=\"text-editor.default\">\n\t\t\t\t\t\t\t\t\t<p>R\u00fccksendeformular<\/p>\t\t\t\t\t\t\t\t<\/div>\n\t\t\t\t\t<\/div>\n\t\t\t\t<\/div>\n\t\t<div class=\"elementor-element elementor-element-1c4822a6 e-flex e-con-boxed e-con e-parent\" data-id=\"1c4822a6\" data-element_type=\"container\" data-e-type=\"container\">\n\t\t\t\t\t<div class=\"e-con-inner\">\n\t\t<div class=\"elementor-element elementor-element-3d20fad1 e-con-full e-flex e-con e-child\" data-id=\"3d20fad1\" data-element_type=\"container\" data-e-type=\"container\">\n\t\t\t\t<div class=\"elementor-element elementor-element-1a9173b4 elementor-widget__width-inherit elementor-widget elementor-widget-heading\" data-id=\"1a9173b4\" data-element_type=\"widget\" data-e-type=\"widget\" data-widget_type=\"heading.default\">\n\t\t\t\t\t<h3 class=\"elementor-heading-title elementor-size-default\">Nicht ganz das, was Sie erwartet haben? Das kann passieren.   <\/h3>\t\t\t\t<\/div>\n\t\t\t\t<div class=\"elementor-element elementor-element-b4da6c1 elementor-widget elementor-widget-text-editor\" data-id=\"b4da6c1\" data-element_type=\"widget\" data-e-type=\"widget\" data-widget_type=\"text-editor.default\">\n\t\t\t\t\t\t\t\t\t<p>Haben Sie Fragen zu Ihrer Bestellung? Unsere T\u00fcr ist immer f\u00fcr Sie ge\u00f6ffnet.   <\/p>\t\t\t\t\t\t\t\t<\/div>\n\t\t\t\t<div class=\"elementor-element elementor-element-61ba96de elementor-icon-list--layout-traditional elementor-list-item-link-full_width elementor-widget elementor-widget-icon-list\" data-id=\"61ba96de\" data-element_type=\"widget\" data-e-type=\"widget\" data-widget_type=\"icon-list.default\">\n\t\t\t\t\t\t\t<ul class=\"elementor-icon-list-items\">\n\t\t\t\t\t\t\t<li class=\"elementor-icon-list-item\">\n\t\t\t\t\t\t\t\t\t\t\t<a href=\"mailto:info@home3D.nl\">\n\n\t\t\t\t\t\t\t\t\t\t\t\t<span class=\"elementor-icon-list-icon\">\n\t\t\t\t\t\t\t<i aria-hidden=\"true\" class=\"far fa-envelope\"><\/i>\t\t\t\t\t\t<\/span>\n\t\t\t\t\t\t\t\t\t\t<span class=\"elementor-icon-list-text\">info@home3D.nl<\/span>\n\t\t\t\t\t\t\t\t\t\t\t<\/a>\n\t\t\t\t\t\t\t\t\t<\/li>\n\t\t\t\t\t\t\t\t<li class=\"elementor-icon-list-item\">\n\t\t\t\t\t\t\t\t\t\t\t<a href=\"tel:+31%206%2061%2056%2059%20700\">\n\n\t\t\t\t\t\t\t\t\t\t\t\t<span class=\"elementor-icon-list-icon\">\n\t\t\t\t\t\t\t<i aria-hidden=\"true\" class=\"fas fa-check\"><\/i>\t\t\t\t\t\t<\/span>\n\t\t\t\t\t\t\t\t\t\t<span class=\"elementor-icon-list-text\">+31 6 15 65 97 00<\/span>\n\t\t\t\t\t\t\t\t\t\t\t<\/a>\n\t\t\t\t\t\t\t\t\t<\/li>\n\t\t\t\t\t\t<\/ul>\n\t\t\t\t\t\t<\/div>\n\t\t\t\t<\/div>\n\t\t<div class=\"elementor-element elementor-element-117738aa e-con-full e-flex e-con e-child\" data-id=\"117738aa\" data-element_type=\"container\" data-e-type=\"container\">\n\t\t\t\t<div class=\"elementor-element elementor-element-7e6d94cc elementor-widget__width-inherit elementor-widget elementor-widget-heading\" data-id=\"7e6d94cc\" data-element_type=\"widget\" data-e-type=\"widget\" data-widget_type=\"heading.default\">\n\t\t\t\t\t<h3 class=\"elementor-heading-title elementor-size-default\">R\u00fccksendeformular<\/h3>\t\t\t\t<\/div>\n\t\t\t\t<div class=\"elementor-element elementor-element-5424c95e elementor-button-align-start elementor-mobile-button-align-start elementor-widget elementor-widget-form\" data-id=\"5424c95e\" data-element_type=\"widget\" data-e-type=\"widget\" data-settings=\"{&quot;step_next_label&quot;:&quot;N\\u00e4chste&quot;,&quot;step_previous_label&quot;:&quot;Vorherige&quot;,&quot;button_width&quot;:&quot;100&quot;,&quot;step_type&quot;:&quot;number_text&quot;,&quot;step_icon_shape&quot;:&quot;circle&quot;}\" data-widget_type=\"form.default\">\n\t\t\t\t\t\t\t<form class=\"elementor-form\" method=\"post\" name=\"Kontakt-Formular\" aria-label=\"Kontakt-Formular\">\n\t\t\t<input type=\"hidden\" name=\"post_id\" value=\"5678\"\/>\n\t\t\t<input type=\"hidden\" name=\"form_id\" value=\"5424c95e\"\/>\n\t\t\t<input type=\"hidden\" name=\"referer_title\" value=\"Home3D.nl\" \/>\n\n\t\t\t\n\t\t\t<div class=\"elementor-form-fields-wrapper elementor-labels-\">\n\t\t\t\t\t\t\t\t<div class=\"elementor-field-type-text elementor-field-group elementor-column elementor-field-group-field_d5c06d1 elementor-col-50\">\n\t\t\t\t\t\t\t\t\t\t\t\t<label for=\"form-field-field_d5c06d1\" class=\"elementor-field-label elementor-screen-only\">\n\t\t\t\t\t\t\t\tName\t\t\t\t\t\t\t<\/label>\n\t\t\t\t\t\t\t\t\t\t\t\t\t\t<input size=\"1\" type=\"text\" name=\"form_fields[field_d5c06d1]\" id=\"form-field-field_d5c06d1\" class=\"elementor-field elementor-size-sm  elementor-field-textual\" placeholder=\"Name\">\n\t\t\t\t\t\t\t\t\t\t\t<\/div>\n\t\t\t\t\t\t\t\t<div class=\"elementor-field-type-text elementor-field-group elementor-column elementor-field-group-field_1 elementor-col-50 elementor-field-required\">\n\t\t\t\t\t\t\t\t\t\t\t\t<label for=\"form-field-field_1\" class=\"elementor-field-label elementor-screen-only\">\n\t\t\t\t\t\t\t\tBestellnummer\t\t\t\t\t\t\t<\/label>\n\t\t\t\t\t\t\t\t\t\t\t\t\t\t<input size=\"1\" type=\"text\" name=\"form_fields[field_1]\" id=\"form-field-field_1\" class=\"elementor-field elementor-size-sm  elementor-field-textual\" placeholder=\"Bestellnummer\" required=\"required\">\n\t\t\t\t\t\t\t\t\t\t\t<\/div>\n\t\t\t\t\t\t\t\t<div class=\"elementor-field-type-email elementor-field-group elementor-column elementor-field-group-field_baa3193 elementor-col-100\">\n\t\t\t\t\t\t\t\t\t\t\t\t<label for=\"form-field-field_baa3193\" class=\"elementor-field-label elementor-screen-only\">\n\t\t\t\t\t\t\t\tE-Mail\t\t\t\t\t\t\t<\/label>\n\t\t\t\t\t\t\t\t\t\t\t\t\t\t<input size=\"1\" type=\"email\" name=\"form_fields[field_baa3193]\" id=\"form-field-field_baa3193\" class=\"elementor-field elementor-size-sm  elementor-field-textual\" placeholder=\"E-Mail\">\n\t\t\t\t\t\t\t\t\t\t\t<\/div>\n\t\t\t\t\t\t\t\t<div class=\"elementor-field-type-text elementor-field-group elementor-column elementor-field-group-field_cc83741 elementor-col-100\">\n\t\t\t\t\t\t\t\t\t\t\t\t<label for=\"form-field-field_cc83741\" class=\"elementor-field-label elementor-screen-only\">\n\t\t\t\t\t\t\t\tGrund der R\u00fcckgabe  \t\t\t\t\t\t\t<\/label>\n\t\t\t\t\t\t\t\t\t\t\t\t\t\t<input size=\"1\" type=\"text\" name=\"form_fields[field_cc83741]\" id=\"form-field-field_cc83741\" class=\"elementor-field elementor-size-sm  elementor-field-textual\" placeholder=\"R\u00fcckgabegrund (so ausf\u00fchrlich wie m\u00f6glich)  \">\n\t\t\t\t\t\t\t\t\t\t\t<\/div>\n\t\t\t\t\t\t\t\t<div class=\"elementor-field-type-select elementor-field-group elementor-column elementor-field-group-field_22322a7 elementor-col-100\">\n\t\t\t\t\t\t\t\t\t\t\t\t<label for=\"form-field-field_22322a7\" class=\"elementor-field-label elementor-screen-only\">\n\t\t\t\t\t\t\t\tNachricht\t\t\t\t\t\t\t<\/label>\n\t\t\t\t\t\t\t\t<div class=\"elementor-field elementor-select-wrapper remove-before \">\n\t\t\t<div class=\"select-caret-down-wrapper\">\n\t\t\t\t<i aria-hidden=\"true\" class=\"eicon-caret-down\"><\/i>\t\t\t<\/div>\n\t\t\t<select name=\"form_fields[field_22322a7]\" id=\"form-field-field_22322a7\" class=\"elementor-field-textual elementor-size-sm\">\n\t\t\t\t\t\t\t\t\t<option value=\"Umtausch von Artikeln\">Umtausch von Artikeln<\/option>\n\t\t\t\t\t\t\t\t\t<option value=\"Geld zur\u00fcck\">Geld zur\u00fcck<\/option>\n\t\t\t\t\t\t\t<\/select>\n\t\t<\/div>\n\t\t\t\t\t\t<\/div>\n\t\t\t\t\t\t\t\t<div class=\"elementor-field-group elementor-column elementor-field-type-submit elementor-col-100 e-form__buttons\">\n\t\t\t\t\t<button class=\"elementor-button elementor-size-sm\" type=\"submit\">\n\t\t\t\t\t\t<span class=\"elementor-button-content-wrapper\">\n\t\t\t\t\t\t\t\t\t\t\t\t\t\t\t<span class=\"elementor-button-icon\">\n\t\t\t\t\t\t\t\t\t<svg xmlns=\"http:\/\/www.w3.org\/2000\/svg\" id=\"bb19cefa-da70-4c4e-8494-ad25bbd47839\" data-name=\"Layer 1\" width=\"32.9204\" height=\"17.832\" viewBox=\"0 0 32.9204 17.832\"><polygon points=\"31.858 8.055 31.858 8.016 31.817 8.016 23.417 0 22.036 1.447 28.931 8.026 0 8.026 0.007 10.026 28.928 10.026 22.048 16.361 23.404 17.832 32.92 9.069 31.858 8.055\"><\/polygon><\/svg>\t\t\t\t\t\t\t\t\t\t\t\t\t\t\t\t\t<\/span>\n\t\t\t\t\t\t\t\t\t\t\t\t\t\t\t\t\t\t\t\t\t\t<span class=\"elementor-button-text\">Senden Sie  <\/span>\n\t\t\t\t\t\t\t\t\t\t\t\t\t<\/span>\n\t\t\t\t\t<\/button>\n\t\t\t\t<\/div>\n\t\t\t<\/div>\n\t\t<\/form>\n\t\t\t\t\t\t<\/div>\n\t\t\t\t<div class=\"elementor-element elementor-element-2ce97df8 elementor-widget__width-initial elementor-widget-mobile__width-initial elementor-widget elementor-widget-text-editor\" data-id=\"2ce97df8\" data-element_type=\"widget\" data-e-type=\"widget\" data-widget_type=\"text-editor.default\">\n\t\t\t\t\t\t\t\t\t<p>Sobald Sie das R\u00fccksendeformular ausgef\u00fcllt haben, k\u00f6nnen Sie das Paket an Vliet 1, 1862 HX Bergen, Nordholland schicken.  <\/p>\t\t\t\t\t\t\t\t<\/div>\n\t\t\t\t<\/div>\n\t\t\t\t\t<\/div>\n\t\t\t\t<\/div>\n\t\t\t\t<\/div>\n\t\t","protected":false},"excerpt":{"rendered":"<p>R\u00fccksendeformular Nicht ganz das, was Sie erwartet haben? Das kann passieren. Haben Sie Fragen zu Ihrer Bestellung? Unsere T\u00fcr ist immer f\u00fcr Sie ge\u00f6ffnet. info@home3D.nl +31 6 15 65 97 00 R\u00fccksendeformular Sobald Sie das R\u00fccksendeformular ausgef\u00fcllt haben, k\u00f6nnen Sie das Paket an Vliet 1, 1862 HX Bergen, Nordholland schicken.<\/p>\n","protected":false},"author":2,"featured_media":0,"parent":0,"menu_order":0,"comment_status":"closed","ping_status":"closed","template":"elementor_header_footer","meta":{"_acf_changed":false,"inline_featured_image":false,"footnotes":""},"class_list":["post-5678","page","type-page","status-publish","hentry"],"acf":[],"yoast_head":"<!-- This site is optimized with the Yoast SEO plugin v26.9 - https:\/\/yoast.com\/product\/yoast-seo-wordpress\/ -->\n<title>R\u00fccksendeformular - Home3D.nl<\/title>\n<meta name=\"robots\" content=\"noindex, follow, max-snippet:-1, max-image-preview:large, max-video-preview:-1\" \/>\n<meta property=\"og:locale\" content=\"de_DE\" \/>\n<meta property=\"og:type\" content=\"article\" \/>\n<meta property=\"og:title\" content=\"R\u00fccksendeformular - Home3D.nl\" \/>\n<meta property=\"og:description\" content=\"R\u00fccksendeformular Nicht ganz das, was Sie erwartet haben? Das kann passieren. Haben Sie Fragen zu Ihrer Bestellung? Unsere T\u00fcr ist immer f\u00fcr Sie ge\u00f6ffnet. info@home3D.nl +31 6 15 65 97 00 R\u00fccksendeformular Sobald Sie das R\u00fccksendeformular ausgef\u00fcllt haben, k\u00f6nnen Sie das Paket an Vliet 1, 1862 HX Bergen, Nordholland schicken.\" \/>\n<meta property=\"og:url\" content=\"https:\/\/staging.home3d.nl\/de\/ruecksendeformular\/\" \/>\n<meta property=\"og:site_name\" content=\"Home3D.nl\" \/>\n<meta property=\"article:modified_time\" content=\"2026-02-05T14:24:30+00:00\" \/>\n<meta name=\"twitter:card\" content=\"summary_large_image\" \/>\n<script type=\"application\/ld+json\" class=\"yoast-schema-graph\">{\"@context\":\"https:\/\/schema.org\",\"@graph\":[{\"@type\":\"WebPage\",\"@id\":\"https:\/\/staging.home3d.nl\/de\/ruecksendeformular\/\",\"url\":\"https:\/\/staging.home3d.nl\/de\/ruecksendeformular\/\",\"name\":\"R\u00fccksendeformular - Home3D.nl\",\"isPartOf\":{\"@id\":\"https:\/\/staging.home3d.nl\/de\/#website\"},\"datePublished\":\"2026-01-07T06:51:43+00:00\",\"dateModified\":\"2026-02-05T14:24:30+00:00\",\"breadcrumb\":{\"@id\":\"https:\/\/staging.home3d.nl\/de\/ruecksendeformular\/#breadcrumb\"},\"inLanguage\":\"de\",\"potentialAction\":[{\"@type\":\"ReadAction\",\"target\":[\"https:\/\/staging.home3d.nl\/de\/ruecksendeformular\/\"]}]},{\"@type\":\"BreadcrumbList\",\"@id\":\"https:\/\/staging.home3d.nl\/de\/ruecksendeformular\/#breadcrumb\",\"itemListElement\":[{\"@type\":\"ListItem\",\"position\":1,\"name\":\"Startseite\",\"item\":\"https:\/\/staging.home3d.nl\/de\/\"},{\"@type\":\"ListItem\",\"position\":2,\"name\":\"R\u00fccksendeformular\"}]},{\"@type\":\"WebSite\",\"@id\":\"https:\/\/staging.home3d.nl\/de\/#website\",\"url\":\"https:\/\/staging.home3d.nl\/de\/\",\"name\":\"Home3D.nl\",\"description\":\"\",\"publisher\":{\"@id\":\"https:\/\/staging.home3d.nl\/de\/#organization\"},\"potentialAction\":[{\"@type\":\"SearchAction\",\"target\":{\"@type\":\"EntryPoint\",\"urlTemplate\":\"https:\/\/staging.home3d.nl\/de\/?s={search_term_string}\"},\"query-input\":{\"@type\":\"PropertyValueSpecification\",\"valueRequired\":true,\"valueName\":\"search_term_string\"}}],\"inLanguage\":\"de\"},{\"@type\":\"Organization\",\"@id\":\"https:\/\/staging.home3d.nl\/de\/#organization\",\"name\":\"Home3D.nl\",\"url\":\"https:\/\/staging.home3d.nl\/de\/\",\"logo\":{\"@type\":\"ImageObject\",\"inLanguage\":\"de\",\"@id\":\"https:\/\/staging.home3d.nl\/de\/#\/schema\/logo\/image\/\",\"url\":\"https:\/\/staging.home3d.nl\/wp-content\/uploads\/2023\/10\/Nieuw_logo_home_3d-1.png\",\"contentUrl\":\"https:\/\/staging.home3d.nl\/wp-content\/uploads\/2023\/10\/Nieuw_logo_home_3d-1.png\",\"width\":8880,\"height\":4000,\"caption\":\"Home3D.nl\"},\"image\":{\"@id\":\"https:\/\/staging.home3d.nl\/de\/#\/schema\/logo\/image\/\"}}]}<\/script>\n<!-- \/ Yoast SEO plugin. -->","yoast_head_json":{"title":"R\u00fccksendeformular - Home3D.nl","robots":{"index":"noindex","follow":"follow","max-snippet":"max-snippet:-1","max-image-preview":"max-image-preview:large","max-video-preview":"max-video-preview:-1"},"og_locale":"de_DE","og_type":"article","og_title":"R\u00fccksendeformular - Home3D.nl","og_description":"R\u00fccksendeformular Nicht ganz das, was Sie erwartet haben? Das kann passieren. Haben Sie Fragen zu Ihrer Bestellung? Unsere T\u00fcr ist immer f\u00fcr Sie ge\u00f6ffnet. info@home3D.nl +31 6 15 65 97 00 R\u00fccksendeformular Sobald Sie das R\u00fccksendeformular ausgef\u00fcllt haben, k\u00f6nnen Sie das Paket an Vliet 1, 1862 HX Bergen, Nordholland schicken.","og_url":"https:\/\/staging.home3d.nl\/de\/ruecksendeformular\/","og_site_name":"Home3D.nl","article_modified_time":"2026-02-05T14:24:30+00:00","twitter_card":"summary_large_image","schema":{"@context":"https:\/\/schema.org","@graph":[{"@type":"WebPage","@id":"https:\/\/staging.home3d.nl\/de\/ruecksendeformular\/","url":"https:\/\/staging.home3d.nl\/de\/ruecksendeformular\/","name":"R\u00fccksendeformular - Home3D.nl","isPartOf":{"@id":"https:\/\/staging.home3d.nl\/de\/#website"},"datePublished":"2026-01-07T06:51:43+00:00","dateModified":"2026-02-05T14:24:30+00:00","breadcrumb":{"@id":"https:\/\/staging.home3d.nl\/de\/ruecksendeformular\/#breadcrumb"},"inLanguage":"de","potentialAction":[{"@type":"ReadAction","target":["https:\/\/staging.home3d.nl\/de\/ruecksendeformular\/"]}]},{"@type":"BreadcrumbList","@id":"https:\/\/staging.home3d.nl\/de\/ruecksendeformular\/#breadcrumb","itemListElement":[{"@type":"ListItem","position":1,"name":"Startseite","item":"https:\/\/staging.home3d.nl\/de\/"},{"@type":"ListItem","position":2,"name":"R\u00fccksendeformular"}]},{"@type":"WebSite","@id":"https:\/\/staging.home3d.nl\/de\/#website","url":"https:\/\/staging.home3d.nl\/de\/","name":"Home3D.nl","description":"","publisher":{"@id":"https:\/\/staging.home3d.nl\/de\/#organization"},"potentialAction":[{"@type":"SearchAction","target":{"@type":"EntryPoint","urlTemplate":"https:\/\/staging.home3d.nl\/de\/?s={search_term_string}"},"query-input":{"@type":"PropertyValueSpecification","valueRequired":true,"valueName":"search_term_string"}}],"inLanguage":"de"},{"@type":"Organization","@id":"https:\/\/staging.home3d.nl\/de\/#organization","name":"Home3D.nl","url":"https:\/\/staging.home3d.nl\/de\/","logo":{"@type":"ImageObject","inLanguage":"de","@id":"https:\/\/staging.home3d.nl\/de\/#\/schema\/logo\/image\/","url":"https:\/\/staging.home3d.nl\/wp-content\/uploads\/2023\/10\/Nieuw_logo_home_3d-1.png","contentUrl":"https:\/\/staging.home3d.nl\/wp-content\/uploads\/2023\/10\/Nieuw_logo_home_3d-1.png","width":8880,"height":4000,"caption":"Home3D.nl"},"image":{"@id":"https:\/\/staging.home3d.nl\/de\/#\/schema\/logo\/image\/"}}]}},"_links":{"self":[{"href":"https:\/\/staging.home3d.nl\/de\/wp-json\/wp\/v2\/pages\/5678","targetHints":{"allow":["GET"]}}],"collection":[{"href":"https:\/\/staging.home3d.nl\/de\/wp-json\/wp\/v2\/pages"}],"about":[{"href":"https:\/\/staging.home3d.nl\/de\/wp-json\/wp\/v2\/types\/page"}],"author":[{"embeddable":true,"href":"https:\/\/staging.home3d.nl\/de\/wp-json\/wp\/v2\/users\/2"}],"replies":[{"embeddable":true,"href":"https:\/\/staging.home3d.nl\/de\/wp-json\/wp\/v2\/comments?post=5678"}],"version-history":[{"count":0,"href":"https:\/\/staging.home3d.nl\/de\/wp-json\/wp\/v2\/pages\/5678\/revisions"}],"wp:attachment":[{"href":"https:\/\/staging.home3d.nl\/de\/wp-json\/wp\/v2\/media?parent=5678"}],"curies":[{"name":"wp","href":"https:\/\/api.w.org\/{rel}","templated":true}]}}